{"id":1038,"date":"2022-10-09T15:00:20","date_gmt":"2022-10-09T13:00:20","guid":{"rendered":"http:\/\/www.fraukeseidenberg.de\/?page_id=1038"},"modified":"2025-06-08T13:35:21","modified_gmt":"2025-06-08T11:35:21","slug":"preise","status":"publish","type":"page","link":"https:\/\/www.fraukeseidenberg.de\/it\/preise\/","title":{"rendered":"Tariffario"},"content":{"rendered":"<div  class='flex_column av-1ab5a-c55c092e1886142c32de9bec61488c1b av_three_fourth  avia-builder-el-0  el_before_av_one_fourth  avia-builder-el-first  first flex_column_div'     ><p>\n<style type=\"text\/css\" data-created_by=\"avia_inline_auto\" id=\"style-css-av-4asq32-19751ed85d293f52eb1ed4e2da78c873\">\n#top .av-special-heading.av-4asq32-19751ed85d293f52eb1ed4e2da78c873{\npadding-bottom:8px;\ncolor:#386607;\nfont-size:26px;\n}\nbody .av-special-heading.av-4asq32-19751ed85d293f52eb1ed4e2da78c873 .av-special-heading-tag .heading-char{\nfont-size:25px;\n}\n#top #wrap_all .av-special-heading.av-4asq32-19751ed85d293f52eb1ed4e2da78c873 .av-special-heading-tag{\nfont-size:26px;\n}\n.av-special-heading.av-4asq32-19751ed85d293f52eb1ed4e2da78c873 .special-heading-inner-border{\nborder-color:#386607;\n}\n.av-special-heading.av-4asq32-19751ed85d293f52eb1ed4e2da78c873 .av-subheading{\nfont-size:15px;\n}\n\n@media only screen and (min-width: 480px) and (max-width: 767px){ \n#top #wrap_all .av-special-heading.av-4asq32-19751ed85d293f52eb1ed4e2da78c873 .av-special-heading-tag{\nfont-size:0.8em;\n}\n}\n\n@media only screen and (max-width: 479px){ \n#top #wrap_all .av-special-heading.av-4asq32-19751ed85d293f52eb1ed4e2da78c873 .av-special-heading-tag{\nfont-size:0.8em;\n}\n}\n<\/style>\n<div  class='av-special-heading av-4asq32-19751ed85d293f52eb1ed4e2da78c873 av-special-heading-h3 custom-color-heading blockquote modern-quote  avia-builder-el-1  el_before_av_textblock  avia-builder-el-first  av-inherit-size av-linked-heading'><h3 class='av-special-heading-tag'  itemprop=\"headline\"  >Tariffario<\/h3><div class='av_custom_color av-subheading av-subheading_below'><p>I prezzi e ci\u00f2 che devi sapere<\/p>\n<\/div><div class=\"special-heading-border\"><div class=\"special-heading-inner-border\"><\/div><\/div><\/div><br \/>\n\n<style type=\"text\/css\" data-created_by=\"avia_inline_auto\" id=\"style-css-av-bt3sq-d9accf7378af83c57b76f5e589b97743\">\n#top .av_textblock_section.av-bt3sq-d9accf7378af83c57b76f5e589b97743 .avia_textblock{\nfont-size:15px;\n}\n<\/style>\n<section  class='av_textblock_section av-bt3sq-d9accf7378af83c57b76f5e589b97743'   itemscope=\"itemscope\" itemtype=\"https:\/\/schema.org\/CreativeWork\" ><div class='avia_textblock'  itemprop=\"text\" ><p class=\"translation-block\">Gestisco il mio studio esclusivamente come studio privato, ci\u00f2 significa che i costi del trattamento non sono generalmente coperti del servizio sanitario pubblico (gesetzliche Krankenkasse).<\/p>\n<\/div><\/section><br \/>\n\n<style type=\"text\/css\" data-created_by=\"avia_inline_auto\" id=\"style-css-av-b51j2-f0dde9abd46bebdb450678b5e47e8ca9\">\n#top .av-special-heading.av-b51j2-f0dde9abd46bebdb450678b5e47e8ca9{\nmargin:5px 0 5px 0;\npadding-bottom:10px;\ncolor:#386607;\nfont-size:20px;\n}\nbody .av-special-heading.av-b51j2-f0dde9abd46bebdb450678b5e47e8ca9 .av-special-heading-tag .heading-char{\nfont-size:25px;\n}\n#top #wrap_all .av-special-heading.av-b51j2-f0dde9abd46bebdb450678b5e47e8ca9 .av-special-heading-tag{\nfont-size:20px;\n}\n.av-special-heading.av-b51j2-f0dde9abd46bebdb450678b5e47e8ca9 .special-heading-inner-border{\nborder-color:#386607;\n}\n.av-special-heading.av-b51j2-f0dde9abd46bebdb450678b5e47e8ca9 .av-subheading{\nfont-size:15px;\n}\n\n@media only screen and (min-width: 480px) and (max-width: 767px){ \n#top #wrap_all .av-special-heading.av-b51j2-f0dde9abd46bebdb450678b5e47e8ca9 .av-special-heading-tag{\nfont-size:0.8em;\n}\n}\n\n@media only screen and (max-width: 479px){ \n#top #wrap_all .av-special-heading.av-b51j2-f0dde9abd46bebdb450678b5e47e8ca9 .av-special-heading-tag{\nfont-size:0.8em;\n}\n}\n<\/style>\n<div  class='av-special-heading av-b51j2-f0dde9abd46bebdb450678b5e47e8ca9 av-special-heading-h3 custom-color-heading blockquote modern-quote  avia-builder-el-3  el_after_av_textblock  el_before_av_textblock  av-inherit-size av-linked-heading'><h3 class='av-special-heading-tag'  itemprop=\"headline\"  >I vantaggi del pagamento privato:<\/h3><div class=\"special-heading-border\"><div class=\"special-heading-inner-border\"><\/div><\/div><\/div><br \/>\n\n<style type=\"text\/css\" data-created_by=\"avia_inline_auto\" id=\"style-css-av-bt3sq-1-043d470c298b500b8fa065a0d4196b6b\">\n#top .av_textblock_section.av-bt3sq-1-043d470c298b500b8fa065a0d4196b6b .avia_textblock{\nfont-size:15px;\n}\n<\/style>\n<section  class='av_textblock_section av-bt3sq-1-043d470c298b500b8fa065a0d4196b6b'   itemscope=\"itemscope\" itemtype=\"https:\/\/schema.org\/CreativeWork\" ><div class='avia_textblock'  itemprop=\"text\" ><ul>\n<li>Appuntamenti flessibili con breve preavviso senza mesi di attesa.<\/li>\n<li>La scelta del terapeuta dipende esclusivamente da te e non \u00e8 limitata agli operatori autorizzati dalla mutua malattia (gesetzliche Krankenkasse).<\/li>\n<li class=\"translation-block\">Assoluta riservatezza, vale a dire nessuna divulgazione dei tuoi dati a compagnie di assicurazione sanitaria, assicurazioni sulla vita o di responsabilit\u00e0 professionale. Il trattamento psicoterapeutico non sar\u00e0 documentato, a differenza della terapia finanziata dall'assicurazione sanitaria. Questo pu\u00f2 essere rilevante per te in relazione all'assicurazione sulla vita o sull'invalidit\u00e0 professionale o se sei impiegato nel settore pubblico.<\/li>\n<li>Scelta flessibile dei metodi terapeutici, nessun metodo di trattamento prescritto. Lavoro con i metodi che sono pi\u00f9 utili per te personalmente e di conseguenza otterrai pi\u00f9 rapidamente un miglioramento della tua qualit\u00e0 di vita.<\/li>\n<li>Durata variabile della terapia e scelta della frequenza degli appuntamenti.<\/li>\n<li>Puoi dichiarare le tue spese come \u201cspese straordinarie\u201d nella tua dichiarazione dei redditi.<\/li>\n<\/ul>\n<\/div><\/section><br \/>\n\n<style type=\"text\/css\" data-created_by=\"avia_inline_auto\" id=\"style-css-av-m7zx971d-3a5fc18fa893a26f1eb2a6b20ac406f6\">\n#top .av_textblock_section.av-m7zx971d-3a5fc18fa893a26f1eb2a6b20ac406f6 .avia_textblock{\nfont-size:15px;\n}\n<\/style>\n<section  class='av_textblock_section av-m7zx971d-3a5fc18fa893a26f1eb2a6b20ac406f6'   itemscope=\"itemscope\" itemtype=\"https:\/\/schema.org\/CreativeWork\" ><div class='avia_textblock'  itemprop=\"text\" ><p>Se hai un'assicurazione complementare per gli operatori alternativi (Heilpraktikerzusatzversicherung) o un'assicurazione privata che copre i costi del trattamento da parte di una \u201cHeilpraktikerin f\u00fcr Psychotherapie\u201d, posso emettere una fattura ai sensi della \u201cGeb\u00fchrenverordnung f\u00fcr Heilpraktiker\u201d (Geb\u00fcH). Si pu\u00f2 poi presentare la fattura alla propria compagnia di assicurazione. Se e in che misura la fattura sar\u00e0 rimborsata dipende dalla compagnia assicurativa e dal contratto. Si prega di chiarire i dettagli con la propria compagnia di assicurazione.<\/p>\n<p>La GeB\u00fcH risale al 1985, quindi ha gi\u00e0 40 anni e non \u00e8 stata aggiornata. Il codice di fatturazione pertinente \u00e8 il 19.2. Descrive una psicoterapia della durata di 50 - 90 minuti e prevede una tariffa di 26,00 - 46,00 euro. Sono costretto a precisare che il mio onorario supera questo importo. Purtroppo le assicurazioni sanitarie pubbliche non coprono i costi dei trattamenti di una \u201cHeilpraktikerin f\u00fcr Psychotherapie\u201d.<\/p>\n<\/div><\/section><br \/>\n\n<style type=\"text\/css\" data-created_by=\"avia_inline_auto\" id=\"style-css-av-akufm-5563ba93afed08589080c9f25b9680d1\">\n#top .hr.hr-invisible.av-akufm-5563ba93afed08589080c9f25b9680d1{\nheight:1px;\n}\n<\/style>\n<div  class='hr av-akufm-5563ba93afed08589080c9f25b9680d1 hr-invisible  avia-builder-el-6  el_after_av_textblock  el_before_av_textblock'><span class='hr-inner'><span class=\"hr-inner-style\"><\/span><\/span><\/div><br \/>\n\n<style type=\"text\/css\" data-created_by=\"avia_inline_auto\" id=\"style-css-av-z47q-e0cf582ca53e9683cb11053f12e779ce\">\n#top .av_textblock_section.av-z47q-e0cf582ca53e9683cb11053f12e779ce .avia_textblock{\nfont-size:15px;\n}\n<\/style>\n<section  class='av_textblock_section av-z47q-e0cf582ca53e9683cb11053f12e779ce'   itemscope=\"itemscope\" itemtype=\"https:\/\/schema.org\/CreativeWork\" ><div class='avia_textblock'  itemprop=\"text\" ><p><strong>Le tariffe dettagliati dei trattamenti che offro si trovano nelle descrizioni delle singole offerte.<\/strong><\/p>\n<p>L'onorario per il trattamento deve essere pagato in contanti direttamente dopo l'appuntamento. Si riceve una ricevuta\/fattura da parte mia.<\/p>\n<p>Se non puoi mantenere un appuntamento, ti chiedo di disdire con almeno 48 ore di anticipo (per telefono o su WhatsApp).<\/p>\n<p>Mi riservo il diritto di addebitare una tassa di cancellazione per gli appuntamenti non disdetti in tempo utile o per la mancata presentazione all'appuntamento concordato.<\/p>\n<\/div><\/section><br \/>\n\n<style type=\"text\/css\" data-created_by=\"avia_inline_auto\" id=\"style-css-av-85k86-18297ecfcfef59f1ccb33d73241f7d0b\">\n#top .hr.hr-invisible.av-85k86-18297ecfcfef59f1ccb33d73241f7d0b{\nheight:25px;\n}\n<\/style>\n<div  class='hr av-85k86-18297ecfcfef59f1ccb33d73241f7d0b hr-invisible  avia-builder-el-8  el_after_av_textblock  avia-builder-el-last'><span class='hr-inner'><span class=\"hr-inner-style\"><\/span><\/span><\/div><\/p><\/div>\n<div  class='flex_column av-j8r5fy-e00746659508b7f36e26daa66d25312f av_one_fourth  avia-builder-el-9  el_after_av_three_fourth  avia-builder-el-last  flex_column_div'     ><p>\n<style type=\"text\/css\" data-created_by=\"avia_inline_auto\" id=\"style-css-av-h8ghge-6cd1c44a3f24b2a4bba49d1ca007487b\">\n.avia-image-container.av-h8ghge-6cd1c44a3f24b2a4bba49d1ca007487b img.avia_image{\nbox-shadow:none;\n}\n.avia-image-container.av-h8ghge-6cd1c44a3f24b2a4bba49d1ca007487b .av-image-caption-overlay-center{\ncolor:#ffffff;\n}\n<\/style>\n<div  class='avia-image-container av-h8ghge-6cd1c44a3f24b2a4bba49d1ca007487b av-styling- av-hover-grow avia-align-left  avia-builder-el-10  el_before_av_hr  avia-builder-el-first'   itemprop=\"image\" itemscope=\"itemscope\" itemtype=\"https:\/\/schema.org\/ImageObject\" ><div class=\"avia-image-container-inner\"><div class=\"avia-image-overlay-wrap\"><img decoding=\"async\" fetchpriority=\"high\" class='wp-image-1498 avia-img-lazy-loading-not-1498 avia_image' src=\"https:\/\/www.fraukeseidenberg.de\/wp-content\/uploads\/2022\/10\/55-Frauke-Kontakt.jpg\" alt='Frauke Seidenberg' title='55-Frauke-Kontakt'  height=\"750\" width=\"500\"  itemprop=\"thumbnailUrl\" srcset=\"https:\/\/www.fraukeseidenberg.de\/wp-content\/uploads\/2022\/10\/55-Frauke-Kontakt.jpg 500w, https:\/\/www.fraukeseidenberg.de\/wp-content\/uploads\/2022\/10\/55-Frauke-Kontakt-200x300.jpg 200w, https:\/\/www.fraukeseidenberg.de\/wp-content\/uploads\/2022\/10\/55-Frauke-Kontakt-470x705.jpg 470w\" sizes=\"(max-width: 500px) 100vw, 500px\" \/><\/div><\/div><\/div><br \/>\n\n<style type=\"text\/css\" data-created_by=\"avia_inline_auto\" id=\"style-css-av-fpfe0e-b4c7315cafd04711eafa4217e08a9570\">\n#top .hr.av-fpfe0e-b4c7315cafd04711eafa4217e08a9570{\nmargin-top:3px;\nmargin-bottom:3px;\n}\n.hr.av-fpfe0e-b4c7315cafd04711eafa4217e08a9570 .hr-inner{\nwidth:100%;\n}\n<\/style>\n<div  class='hr av-fpfe0e-b4c7315cafd04711eafa4217e08a9570 hr-custom  avia-builder-el-11  el_after_av_image  el_before_av_textblock  hr-center hr-icon-no'><span class='hr-inner inner-border-av-border-none'><span class=\"hr-inner-style\"><\/span><\/span><\/div><br \/>\n\n<style type=\"text\/css\" data-created_by=\"avia_inline_auto\" id=\"style-css-av-ec3u9a-685469d3339a4245aba08ac236f945b1\">\n#top .av_textblock_section.av-ec3u9a-685469d3339a4245aba08ac236f945b1 .avia_textblock{\nfont-size:13px;\ncolor:#386607;\n}\n<\/style>\n<section  class='av_textblock_section av-ec3u9a-685469d3339a4245aba08ac236f945b1'   itemscope=\"itemscope\" itemtype=\"https:\/\/schema.org\/CreativeWork\" ><div class='avia_textblock av_inherit_color'  itemprop=\"text\" ><p><strong>Frauke Seidenberg\u00a0 Heilpraktikerin f\u00fcr Psychotherapie<\/strong><br \/>\nStudio per psicoterapia, coaching e lavoro corporeo<\/p>\n<p>Hiltmannsdorfer Str. 58<br \/>\n90768 F\u00fcrth-Burgfarrnbach<\/p>\n<p>Tel. +49 160 96220081<br \/>\nkontakt@fraukeseidenberg.de<\/p>\n<\/div><\/section><br \/>\n\n<style type=\"text\/css\" data-created_by=\"avia_inline_auto\" id=\"style-css-av-bsiau6-db500ce600c1bcf2e3fb0523055c5cf9\">\n#top .hr.av-bsiau6-db500ce600c1bcf2e3fb0523055c5cf9{\nmargin-top:3px;\nmargin-bottom:3px;\n}\n.hr.av-bsiau6-db500ce600c1bcf2e3fb0523055c5cf9 .hr-inner{\nwidth:100%;\n}\n<\/style>\n<div  class='hr av-bsiau6-db500ce600c1bcf2e3fb0523055c5cf9 hr-custom  avia-builder-el-13  el_after_av_textblock  el_before_av_contact  hr-center hr-icon-no'><span class='hr-inner inner-border-av-border-thin'><span class=\"hr-inner-style\"><\/span><\/span><\/div><br \/>\n<form action=\"https:\/\/www.fraukeseidenberg.de\/it\/preise\/\" method=\"post\" data-fields-with-error=\"Sono stati riscontrati errori nei seguenti campi:\" class=\"avia_ajax_form av-form-labels-visible   avia-builder-el-14  el_after_av_hr  avia-builder-el-last\" data-avia-form-id=\"1\" data-avia-redirect='' data-trp-original-action=\"https:\/\/www.fraukeseidenberg.de\/it\/preise\/\" ><h3 class=''>Contattami:<\/h3><fieldset><p class='first_form  form_element form_fullwidth' id='element_avia_1_1'><label for=\"avia_1_1\">Name <abbr class=\"required\" title=\"richiesto\">*<\/abbr><\/label> <input name=\"avia_1_1\" class=\"text_input is_empty\" type=\"text\" id=\"avia_1_1\" value=\"\" \/><\/p><p class='first_form  form_element form_fullwidth' id='element_avia_2_1'><label for=\"avia_2_1\">E-Mail <abbr class=\"required\" title=\"richiesto\">*<\/abbr><\/label> <input name=\"avia_2_1\" class=\"text_input is_email\" type=\"text\" id=\"avia_2_1\" value=\"\" \/><\/p><p class='first_form  form_element form_fullwidth' id='element_avia_3_1'><label for=\"avia_3_1\" class=\"textare_label hidden textare_label_avia_3_1\">Nachricht <abbr class=\"required\" title=\"richiesto\">*<\/abbr><\/label><textarea  name=\"avia_3_1\" class=\"text_area is_empty\" cols=\"40\" rows=\"7\" id=\"avia_3_1\" ><\/textarea><\/p><p class=\"hidden\"><input type=\"text\" name=\"avia_4_1\" class=\"hidden\" id=\"avia_4_1\" value=\"\" \/><\/p><p class='form_element form_fullwidth' id='element_avia_5_1'><span class='value_verifier_label'>5 + 1 = ?<\/span><input name=\"avia_5_1_verifier\" type=\"hidden\" id=\"avia_5_1_verifier\" value=\"386741867\"\/><label for=\"avia_5_1\">Dimostra di essere umano risolvendo l'equazione <abbr class=\"required\" title=\"richiesto\">*<\/abbr><\/label><input name=\"avia_5_1\" class=\"text_input captcha\" type=\"text\" id=\"avia_5_1\" value=\"\"\/><\/p><p class=\"form_element\"><input type=\"hidden\" value=\"1\" name=\"avia_generated_form1\" \/><input type=\"submit\" value=\"Nachricht absenden!\" class=\"button\"  data-sending-label=\"Invio\"\/><\/p><\/fieldset><input type=\"hidden\" name=\"trp-form-language\" value=\"it\"\/><\/form><div id=\"ajaxresponse_1\" class=\"ajaxresponse ajaxresponse_1 hidden\"><\/div><\/p><\/div>","protected":false},"excerpt":{"rendered":"","protected":false},"author":2,"featured_media":0,"parent":0,"menu_order":0,"comment_status":"closed","ping_status":"closed","template":"","meta":{"footnotes":""},"class_list":["post-1038","page","type-page","status-publish","hentry"],"yoast_head":"<!-- This site is optimized with the Yoast SEO plugin v27.0 - https:\/\/yoast.com\/product\/yoast-seo-wordpress\/ -->\n<title>Preise f\u00fcr Psychotherapie &amp; Coaching<\/title>\n<meta name=\"description\" content=\"Psychotherapie, Traumatherapie und Coaching mit Frauke Seidenberg in F\u00fcrth. Information zu Preisen &amp; Angebot. Psicoterapia in lingua italiana\" \/>\n<meta name=\"robots\" content=\"index, follow, max-snippet:-1, max-image-preview:large, max-video-preview:-1\" \/>\n<link rel=\"canonical\" href=\"https:\/\/www.fraukeseidenberg.de\/it\/preise\/\" \/>\n<meta property=\"og:locale\" content=\"it_IT\" \/>\n<meta property=\"og:type\" content=\"article\" \/>\n<meta property=\"og:title\" content=\"Preise f\u00fcr Psychotherapie &amp; Coaching\" \/>\n<meta property=\"og:description\" content=\"Psychotherapie, Traumatherapie und Coaching mit Frauke Seidenberg in F\u00fcrth. Information zu Preisen &amp; Angebot. Psicoterapia in lingua italiana\" \/>\n<meta property=\"og:url\" content=\"https:\/\/www.fraukeseidenberg.de\/it\/preise\/\" \/>\n<meta property=\"og:site_name\" content=\"Frauke Seidenberg\" \/>\n<meta property=\"article:modified_time\" content=\"2025-06-08T11:35:21+00:00\" \/>\n<meta name=\"twitter:card\" content=\"summary_large_image\" \/>\n<meta name=\"twitter:label1\" content=\"Tempo di lettura stimato\" \/>\n\t<meta name=\"twitter:data1\" content=\"3 minuti\" \/>\n<script type=\"application\/ld+json\" class=\"yoast-schema-graph\">{\"@context\":\"https:\/\/schema.org\",\"@graph\":[{\"@type\":\"WebPage\",\"@id\":\"https:\/\/www.fraukeseidenberg.de\/preise\/\",\"url\":\"https:\/\/www.fraukeseidenberg.de\/preise\/\",\"name\":\"Preise f\u00fcr Psychotherapie & Coaching\",\"isPartOf\":{\"@id\":\"https:\/\/www.fraukeseidenberg.de\/#website\"},\"datePublished\":\"2022-10-09T13:00:20+00:00\",\"dateModified\":\"2025-06-08T11:35:21+00:00\",\"description\":\"Psychotherapie, Traumatherapie und Coaching mit Frauke Seidenberg in F\u00fcrth. Information zu Preisen & Angebot. Psicoterapia in lingua italiana\",\"breadcrumb\":{\"@id\":\"https:\/\/www.fraukeseidenberg.de\/preise\/#breadcrumb\"},\"inLanguage\":\"it-IT\",\"potentialAction\":[{\"@type\":\"ReadAction\",\"target\":[\"https:\/\/www.fraukeseidenberg.de\/preise\/\"]}]},{\"@type\":\"BreadcrumbList\",\"@id\":\"https:\/\/www.fraukeseidenberg.de\/preise\/#breadcrumb\",\"itemListElement\":[{\"@type\":\"ListItem\",\"position\":1,\"name\":\"Home\",\"item\":\"https:\/\/www.fraukeseidenberg.de\/\"},{\"@type\":\"ListItem\",\"position\":2,\"name\":\"Preise\"}]},{\"@type\":\"WebSite\",\"@id\":\"https:\/\/www.fraukeseidenberg.de\/#website\",\"url\":\"https:\/\/www.fraukeseidenberg.de\/\",\"name\":\"Frauke Seidenberg\",\"description\":\"Praxis f\u00fcr Psychotherapie, Coaching und K\u00f6rperarbeit\",\"publisher\":{\"@id\":\"https:\/\/www.fraukeseidenberg.de\/#\/schema\/person\/a0328239dceff603a45e6760bcec5718\"},\"potentialAction\":[{\"@type\":\"SearchAction\",\"target\":{\"@type\":\"EntryPoint\",\"urlTemplate\":\"https:\/\/www.fraukeseidenberg.de\/?s={search_term_string}\"},\"query-input\":{\"@type\":\"PropertyValueSpecification\",\"valueRequired\":true,\"valueName\":\"search_term_string\"}}],\"inLanguage\":\"it-IT\"},{\"@type\":[\"Person\",\"Organization\"],\"@id\":\"https:\/\/www.fraukeseidenberg.de\/#\/schema\/person\/a0328239dceff603a45e6760bcec5718\",\"name\":\"Frauke108\",\"image\":{\"@type\":\"ImageObject\",\"inLanguage\":\"it-IT\",\"@id\":\"https:\/\/www.fraukeseidenberg.de\/#\/schema\/person\/image\/\",\"url\":\"https:\/\/secure.gravatar.com\/avatar\/a75c965aed76bc94dcfd824734258f0c8aca75560b442e329af2ad6fccb51843?s=96&d=mm&r=g\",\"contentUrl\":\"https:\/\/secure.gravatar.com\/avatar\/a75c965aed76bc94dcfd824734258f0c8aca75560b442e329af2ad6fccb51843?s=96&d=mm&r=g\",\"caption\":\"Frauke108\"},\"logo\":{\"@id\":\"https:\/\/www.fraukeseidenberg.de\/#\/schema\/person\/image\/\"}}]}<\/script>\n<!-- \/ Yoast SEO plugin. -->","yoast_head_json":{"title":"Preise f\u00fcr Psychotherapie & Coaching","description":"Psychotherapie, Traumatherapie und Coaching mit Frauke Seidenberg in F\u00fcrth. Information zu Preisen & Angebot. Psicoterapia in lingua italiana","robots":{"index":"index","follow":"follow","max-snippet":"max-snippet:-1","max-image-preview":"max-image-preview:large","max-video-preview":"max-video-preview:-1"},"canonical":"https:\/\/www.fraukeseidenberg.de\/it\/preise\/","og_locale":"it_IT","og_type":"article","og_title":"Preise f\u00fcr Psychotherapie & Coaching","og_description":"Psychotherapie, Traumatherapie und Coaching mit Frauke Seidenberg in F\u00fcrth. Information zu Preisen & Angebot. Psicoterapia in lingua italiana","og_url":"https:\/\/www.fraukeseidenberg.de\/it\/preise\/","og_site_name":"Frauke Seidenberg","article_modified_time":"2025-06-08T11:35:21+00:00","twitter_card":"summary_large_image","twitter_misc":{"Tempo di lettura stimato":"3 minuti"},"schema":{"@context":"https:\/\/schema.org","@graph":[{"@type":"WebPage","@id":"https:\/\/www.fraukeseidenberg.de\/preise\/","url":"https:\/\/www.fraukeseidenberg.de\/preise\/","name":"Preise f\u00fcr Psychotherapie & Coaching","isPartOf":{"@id":"https:\/\/www.fraukeseidenberg.de\/#website"},"datePublished":"2022-10-09T13:00:20+00:00","dateModified":"2025-06-08T11:35:21+00:00","description":"Psychotherapie, Traumatherapie und Coaching mit Frauke Seidenberg in F\u00fcrth. Information zu Preisen & Angebot. Psicoterapia in lingua italiana","breadcrumb":{"@id":"https:\/\/www.fraukeseidenberg.de\/preise\/#breadcrumb"},"inLanguage":"it-IT","potentialAction":[{"@type":"ReadAction","target":["https:\/\/www.fraukeseidenberg.de\/preise\/"]}]},{"@type":"BreadcrumbList","@id":"https:\/\/www.fraukeseidenberg.de\/preise\/#breadcrumb","itemListElement":[{"@type":"ListItem","position":1,"name":"Home","item":"https:\/\/www.fraukeseidenberg.de\/"},{"@type":"ListItem","position":2,"name":"Preise"}]},{"@type":"WebSite","@id":"https:\/\/www.fraukeseidenberg.de\/#website","url":"https:\/\/www.fraukeseidenberg.de\/","name":"Frauke Seidenberg","description":"Studio per psicoterapia, coaching e lavoro corporeo","publisher":{"@id":"https:\/\/www.fraukeseidenberg.de\/#\/schema\/person\/a0328239dceff603a45e6760bcec5718"},"potentialAction":[{"@type":"SearchAction","target":{"@type":"EntryPoint","urlTemplate":"https:\/\/www.fraukeseidenberg.de\/?s={search_term_string}"},"query-input":{"@type":"PropertyValueSpecification","valueRequired":true,"valueName":"search_term_string"}}],"inLanguage":"it-IT"},{"@type":["Person","Organization"],"@id":"https:\/\/www.fraukeseidenberg.de\/#\/schema\/person\/a0328239dceff603a45e6760bcec5718","name":"Frauke108","image":{"@type":"ImageObject","inLanguage":"it-IT","@id":"https:\/\/www.fraukeseidenberg.de\/#\/schema\/person\/image\/","url":"https:\/\/secure.gravatar.com\/avatar\/a75c965aed76bc94dcfd824734258f0c8aca75560b442e329af2ad6fccb51843?s=96&d=mm&r=g","contentUrl":"https:\/\/secure.gravatar.com\/avatar\/a75c965aed76bc94dcfd824734258f0c8aca75560b442e329af2ad6fccb51843?s=96&d=mm&r=g","caption":"Frauke108"},"logo":{"@id":"https:\/\/www.fraukeseidenberg.de\/#\/schema\/person\/image\/"}}]}},"_links":{"self":[{"href":"https:\/\/www.fraukeseidenberg.de\/it\/wp-json\/wp\/v2\/pages\/1038","targetHints":{"allow":["GET"]}}],"collection":[{"href":"https:\/\/www.fraukeseidenberg.de\/it\/wp-json\/wp\/v2\/pages"}],"about":[{"href":"https:\/\/www.fraukeseidenberg.de\/it\/wp-json\/wp\/v2\/types\/page"}],"author":[{"embeddable":true,"href":"https:\/\/www.fraukeseidenberg.de\/it\/wp-json\/wp\/v2\/users\/2"}],"replies":[{"embeddable":true,"href":"https:\/\/www.fraukeseidenberg.de\/it\/wp-json\/wp\/v2\/comments?post=1038"}],"version-history":[{"count":28,"href":"https:\/\/www.fraukeseidenberg.de\/it\/wp-json\/wp\/v2\/pages\/1038\/revisions"}],"predecessor-version":[{"id":1900,"href":"https:\/\/www.fraukeseidenberg.de\/it\/wp-json\/wp\/v2\/pages\/1038\/revisions\/1900"}],"wp:attachment":[{"href":"https:\/\/www.fraukeseidenberg.de\/it\/wp-json\/wp\/v2\/media?parent=1038"}],"curies":[{"name":"wp","href":"https:\/\/api.w.org\/{rel}","templated":true}]}}