{"id":114,"date":"2022-10-09T15:00:41","date_gmt":"2022-10-09T13:00:41","guid":{"rendered":"http:\/\/www.fraukeseidenberg.de\/?page_id=114"},"modified":"2025-11-19T14:33:45","modified_gmt":"2025-11-19T13:33:45","slug":"psychotherapie_coaching","status":"publish","type":"page","link":"https:\/\/www.fraukeseidenberg.de\/it\/psychotherapie_coaching\/","title":{"rendered":"Psicoterapia &amp; Coaching"},"content":{"rendered":"<div  class='flex_column av-3v68wy-631a2669044aa892b50483eb9d878ff9 av_three_fourth  avia-builder-el-0  el_before_av_one_fourth  avia-builder-el-first  first flex_column_div'     ><p>\n<style type=\"text\/css\" data-created_by=\"avia_inline_auto\" id=\"style-css-av-pyy9m-18bc96d75a5857a1956747242bd8d224\">\n#top .av-special-heading.av-pyy9m-18bc96d75a5857a1956747242bd8d224{\npadding-bottom:10px;\ncolor:#386607;\nfont-size:26px;\n}\nbody .av-special-heading.av-pyy9m-18bc96d75a5857a1956747242bd8d224 .av-special-heading-tag .heading-char{\nfont-size:25px;\n}\n#top #wrap_all .av-special-heading.av-pyy9m-18bc96d75a5857a1956747242bd8d224 .av-special-heading-tag{\nfont-size:26px;\n}\n.av-special-heading.av-pyy9m-18bc96d75a5857a1956747242bd8d224 .special-heading-inner-border{\nborder-color:#386607;\n}\n.av-special-heading.av-pyy9m-18bc96d75a5857a1956747242bd8d224 .av-subheading{\nfont-size:15px;\n}\n\n@media only screen and (min-width: 480px) and (max-width: 767px){ \n#top #wrap_all .av-special-heading.av-pyy9m-18bc96d75a5857a1956747242bd8d224 .av-special-heading-tag{\nfont-size:0.8em;\n}\n}\n\n@media only screen and (max-width: 479px){ \n#top #wrap_all .av-special-heading.av-pyy9m-18bc96d75a5857a1956747242bd8d224 .av-special-heading-tag{\nfont-size:0.8em;\n}\n}\n<\/style>\n<div  class='av-special-heading av-pyy9m-18bc96d75a5857a1956747242bd8d224 av-special-heading-h3 custom-color-heading blockquote modern-quote  avia-builder-el-1  el_before_av_textblock  avia-builder-el-first  av-inherit-size av-linked-heading'><h3 class='av-special-heading-tag'  itemprop=\"headline\"  >Psicoterapia e Coaching sistemico <\/h3><div class='av_custom_color av-subheading av-subheading_below'><p>Trovare soluzioni ai problemi!<\/p>\n<\/div><div class=\"special-heading-border\"><div class=\"special-heading-inner-border\"><\/div><\/div><\/div><br \/>\n\n<style type=\"text\/css\" data-created_by=\"avia_inline_auto\" id=\"style-css-av-3luk1e-441590800f59ffab96bf215f4525b6bf\">\n#top .av_textblock_section.av-3luk1e-441590800f59ffab96bf215f4525b6bf .avia_textblock{\nfont-size:15px;\n}\n<\/style>\n<section  class='av_textblock_section av-3luk1e-441590800f59ffab96bf215f4525b6bf'   itemscope=\"itemscope\" itemtype=\"https:\/\/schema.org\/CreativeWork\" ><div class='avia_textblock'  itemprop=\"text\" ><p>C\u2019\u00e8 qualcosa che ti preoccupa, stai cercando ispirazione per far sviluppare ulteriormente le tue relazioni private o professionali o desideri una consulenza per qualcos\u2019altro nella tua vita?<\/p>\n<p>Sono qui per affiancarti nel trovare la tua strada e una buona soluzione. Nel corso del nostro lavoro decideremo insieme se \u00e8 necessaria una psicoterapia o un coaching e quale metodo utilizzare.<\/p>\n<\/div><\/section><br \/>\n\n<style type=\"text\/css\" data-created_by=\"avia_inline_auto\" id=\"style-css-av-3cu6ki-de77ff03ffce16ec28e825125f99a35f\">\n.avia-image-container.av-3cu6ki-de77ff03ffce16ec28e825125f99a35f img.avia_image{\nbox-shadow:none;\n}\n.avia-image-container.av-3cu6ki-de77ff03ffce16ec28e825125f99a35f .av-image-caption-overlay-center{\ncolor:#ffffff;\n}\n<\/style>\n<div  class='avia-image-container av-3cu6ki-de77ff03ffce16ec28e825125f99a35f av-styling- avia-align-left  avia-builder-el-3  el_after_av_textblock  el_before_av_heading'   itemprop=\"image\" itemscope=\"itemscope\" itemtype=\"https:\/\/schema.org\/ImageObject\" ><div class=\"avia-image-container-inner\"><div class=\"avia-image-overlay-wrap\"><img decoding=\"async\" fetchpriority=\"high\" class='wp-image-1715 avia-img-lazy-loading-not-1715 avia_image' src=\"https:\/\/www.fraukeseidenberg.de\/wp-content\/uploads\/2025\/01\/Knaeuel-4-farbig.jpeg\" alt='Psychotherapie - Vom Chaos zur Klarheit' title='Psychotherapie - Vom Chaos zur Klarheit'  height=\"200\" width=\"600\"  itemprop=\"thumbnailUrl\" srcset=\"https:\/\/www.fraukeseidenberg.de\/wp-content\/uploads\/2025\/01\/Knaeuel-4-farbig.jpeg 600w, https:\/\/www.fraukeseidenberg.de\/wp-content\/uploads\/2025\/01\/Knaeuel-4-farbig-300x100.jpeg 300w\" sizes=\"(max-width: 600px) 100vw, 600px\" \/><\/div><\/div><\/div><br \/>\n\n<style type=\"text\/css\" data-created_by=\"avia_inline_auto\" id=\"style-css-av-j38tu-ae129e4ba4cc60178dca6e939246f78c\">\n#top .av-special-heading.av-j38tu-ae129e4ba4cc60178dca6e939246f78c{\npadding-bottom:10px;\ncolor:#386607;\nfont-size:18px;\n}\nbody .av-special-heading.av-j38tu-ae129e4ba4cc60178dca6e939246f78c .av-special-heading-tag .heading-char{\nfont-size:25px;\n}\n#top #wrap_all .av-special-heading.av-j38tu-ae129e4ba4cc60178dca6e939246f78c .av-special-heading-tag{\nfont-size:18px;\n}\n.av-special-heading.av-j38tu-ae129e4ba4cc60178dca6e939246f78c .special-heading-inner-border{\nborder-color:#386607;\n}\n.av-special-heading.av-j38tu-ae129e4ba4cc60178dca6e939246f78c .av-subheading{\nfont-size:15px;\n}\n\n@media only screen and (min-width: 480px) and (max-width: 767px){ \n#top #wrap_all .av-special-heading.av-j38tu-ae129e4ba4cc60178dca6e939246f78c .av-special-heading-tag{\nfont-size:0.8em;\n}\n}\n\n@media only screen and (max-width: 479px){ \n#top #wrap_all .av-special-heading.av-j38tu-ae129e4ba4cc60178dca6e939246f78c .av-special-heading-tag{\nfont-size:0.8em;\n}\n}\n<\/style>\n<div  class='av-special-heading av-j38tu-ae129e4ba4cc60178dca6e939246f78c av-special-heading-h6 custom-color-heading blockquote modern-quote  avia-builder-el-4  el_after_av_image  el_before_av_textblock  av-inherit-size av-linked-heading'><h6 class='av-special-heading-tag'  itemprop=\"headline\"  >Cosa offro:<\/h6><div class=\"special-heading-border\"><div class=\"special-heading-inner-border\"><\/div><\/div><\/div><br \/>\n\n<style type=\"text\/css\" data-created_by=\"avia_inline_auto\" id=\"style-css-av-bapai-3a2c7d41a20c378f391a91d94c9c74ed\">\n#top .av_textblock_section.av-bapai-3a2c7d41a20c378f391a91d94c9c74ed .avia_textblock{\nfont-size:15px;\n}\n<\/style>\n<section  class='av_textblock_section av-bapai-3a2c7d41a20c378f391a91d94c9c74ed'   itemscope=\"itemscope\" itemtype=\"https:\/\/schema.org\/CreativeWork\" ><div class='avia_textblock'  itemprop=\"text\" ><ul>\n<li>Sostegno e consulenza in situazioni di vita difficili, come ad esempio:<br \/>\n- Chiarimento di situazioni professionali e private problematiche e di crisi<br \/>\n- Chiarire il rapporto con i genitori, i figli, gli (ex) partner o il proprio destino.<br \/>\n- Liberazione da blocchi, sovraccarico, fardelli<br \/>\n- Cambiamento di vecchi schemi di pensiero o di comportamento<br \/>\n- Sostegno nelle decisioni, nei processi di guarigione, negli addii e nei nuovi inizi<\/li>\n<li>Psicoterapia e consulenza per traumi, ansia, compulsioni, fobie, episodi depressivi, malattie psicosomatiche<\/li>\n<li>Rafforzare le risorse e prevenire il burnout<\/li>\n<li>Accompagnamento e sostegno nell'affrontare il tema dei \u201cfigli\/nipoti di guerra\u201d (Kriegskinder\/Kriegsenkel-Thematik)<\/li>\n<li>Sviluppo personale:<br \/>\nTi accompagner\u00f2 nei problemi attuali che affliggono la tua vita e ti sostengo nel conoscere meglio te stesso, nel riconoscere i tuoi obiettivi e desideri e nello sviluppare ulteriormente te stesso in linea con le tue idee.<\/li>\n<li>Consulenza e coaching per donne su temi relativi alla propria sessualit\u00e0<\/li>\n<li>Consulenza su argomenti a sfondo LGBTQ* e\/o concetti di vita o di relazione alternativi<\/li>\n<\/ul>\n<\/div><\/section><br \/>\n\n<style type=\"text\/css\" data-created_by=\"avia_inline_auto\" id=\"style-css-av-gvd22-bde85bc55bd389b1e372167435aea128\">\n#top .av-special-heading.av-gvd22-bde85bc55bd389b1e372167435aea128{\npadding-bottom:10px;\ncolor:#386607;\nfont-size:18px;\n}\nbody .av-special-heading.av-gvd22-bde85bc55bd389b1e372167435aea128 .av-special-heading-tag .heading-char{\nfont-size:25px;\n}\n#top #wrap_all .av-special-heading.av-gvd22-bde85bc55bd389b1e372167435aea128 .av-special-heading-tag{\nfont-size:18px;\n}\n.av-special-heading.av-gvd22-bde85bc55bd389b1e372167435aea128 .special-heading-inner-border{\nborder-color:#386607;\n}\n.av-special-heading.av-gvd22-bde85bc55bd389b1e372167435aea128 .av-subheading{\nfont-size:15px;\n}\n\n@media only screen and (min-width: 480px) and (max-width: 767px){ \n#top #wrap_all .av-special-heading.av-gvd22-bde85bc55bd389b1e372167435aea128 .av-special-heading-tag{\nfont-size:0.8em;\n}\n}\n\n@media only screen and (max-width: 479px){ \n#top #wrap_all .av-special-heading.av-gvd22-bde85bc55bd389b1e372167435aea128 .av-special-heading-tag{\nfont-size:0.8em;\n}\n}\n<\/style>\n<div  class='av-special-heading av-gvd22-bde85bc55bd389b1e372167435aea128 av-special-heading-h5 custom-color-heading blockquote modern-quote  avia-builder-el-6  el_after_av_textblock  el_before_av_textblock  av-inherit-size av-linked-heading'><h5 class='av-special-heading-tag'  itemprop=\"headline\"  >Possibili metodi e \u201cstrumenti\u201d per la psicoterapia e il coaching:<\/h5><div class=\"special-heading-border\"><div class=\"special-heading-inner-border\"><\/div><\/div><\/div><br \/>\n\n<style type=\"text\/css\" data-created_by=\"avia_inline_auto\" id=\"style-css-av-bapai-1-36b5281d80713a5727b4584fda064921\">\n#top .av_textblock_section.av-bapai-1-36b5281d80713a5727b4584fda064921 .avia_textblock{\nfont-size:15px;\n}\n<\/style>\n<section  class='av_textblock_section av-bapai-1-36b5281d80713a5727b4584fda064921'   itemscope=\"itemscope\" itemtype=\"https:\/\/schema.org\/CreativeWork\" ><div class='avia_textblock'  itemprop=\"text\" ><ul>\n<li><a href=\"https:\/\/www.fraukeseidenberg.de\/it\/brainspotting\/\">Brainspotting<\/a><\/li>\n<li><a href=\"http:\/\/www.fraukeseidenberg.de\/it\/emdr-therapie\/\" target=\"_blank\" rel=\"noopener\">Terapia EMDR<\/a><\/li>\n<li class=\"translation-block\">Costellazioni familiari sistemiche (singolari, non in gruppo)<\/li>\n<li>Elaborazione del trauma attraverso il Brainspotting, l'EMDR, il lavoro corporeo, ecc.<\/li>\n<li>Dialogo con il Bambino interiore<\/li>\n<li>Terapia a breve termine \/ consulenza sistemica<\/li>\n<\/ul>\n<p>Esistono anche molte altre opzioni e modi per entrare in contatto con s\u00e9 stessi e con i propri temi per trovare soluzioni. Possiamo parlarne di persona e scegliere il metodo pi\u00f9 adatto alla tua situazione.<\/p>\n<\/div><\/section><br \/>\n\n<style type=\"text\/css\" data-created_by=\"avia_inline_auto\" id=\"style-css-av-6vfhu-1985aee5d83735397207076df2e160b3\">\n#top .av-special-heading.av-6vfhu-1985aee5d83735397207076df2e160b3{\npadding-bottom:10px;\ncolor:#386607;\nfont-size:18px;\n}\nbody .av-special-heading.av-6vfhu-1985aee5d83735397207076df2e160b3 .av-special-heading-tag .heading-char{\nfont-size:25px;\n}\n#top #wrap_all .av-special-heading.av-6vfhu-1985aee5d83735397207076df2e160b3 .av-special-heading-tag{\nfont-size:18px;\n}\n.av-special-heading.av-6vfhu-1985aee5d83735397207076df2e160b3 .special-heading-inner-border{\nborder-color:#386607;\n}\n.av-special-heading.av-6vfhu-1985aee5d83735397207076df2e160b3 .av-subheading{\nfont-size:15px;\n}\n\n@media only screen and (min-width: 480px) and (max-width: 767px){ \n#top #wrap_all .av-special-heading.av-6vfhu-1985aee5d83735397207076df2e160b3 .av-special-heading-tag{\nfont-size:0.8em;\n}\n}\n\n@media only screen and (max-width: 479px){ \n#top #wrap_all .av-special-heading.av-6vfhu-1985aee5d83735397207076df2e160b3 .av-special-heading-tag{\nfont-size:0.8em;\n}\n}\n<\/style>\n<div  class='av-special-heading av-6vfhu-1985aee5d83735397207076df2e160b3 av-special-heading-h6 custom-color-heading blockquote modern-quote  avia-builder-el-8  el_after_av_textblock  el_before_av_textblock  av-inherit-size av-linked-heading'><h6 class='av-special-heading-tag'  itemprop=\"headline\"  >Tariffario:<\/h6><div class=\"special-heading-border\"><div class=\"special-heading-inner-border\"><\/div><\/div><\/div><br \/>\n\n<style type=\"text\/css\" data-created_by=\"avia_inline_auto\" id=\"style-css-av-2m9o5m-ee5ecb8b2391847c09fb95b6162fd449\">\n#top .av_textblock_section.av-2m9o5m-ee5ecb8b2391847c09fb95b6162fd449 .avia_textblock{\nfont-size:15px;\n}\n<\/style>\n<section  class='av_textblock_section av-2m9o5m-ee5ecb8b2391847c09fb95b6162fd449'   itemscope=\"itemscope\" itemtype=\"https:\/\/schema.org\/CreativeWork\" ><div class='avia_textblock'  itemprop=\"text\" ><p>Consultazione\/anamnesi iniziale: 60 \u2013 90 minuti\u00a0 \u00a0 \u00a0 120 \u20ac<br \/>\nPsicoterapia\/Coaching: 60 minuti                                                                120 \u20ac<\/p>\n<p>Se durante l'appuntamento emerger\u00e0 che serve pi\u00f9 tempo per il trattamento, verranno addebitati 60 \u20ac\nper ogni 30 minuti aggiuntivi.<\/p>\n<p>Si prega di pagare l'importo in contanti al momento dell'appuntamento.<\/p>\n<\/div><\/section><\/p><\/div><div  class='flex_column av-1z9cpm-7c780e26b6eaf7b3b65366f6d415b60f av_one_fourth  avia-builder-el-10  el_after_av_three_fourth  avia-builder-el-last  flex_column_div'     ><p>\n<style type=\"text\/css\" data-created_by=\"avia_inline_auto\" id=\"style-css-av-1p16uq-1e7eebf6ca82395121b942663c5523aa\">\n.avia-image-container.av-1p16uq-1e7eebf6ca82395121b942663c5523aa img.avia_image{\nbox-shadow:none;\n}\n.avia-image-container.av-1p16uq-1e7eebf6ca82395121b942663c5523aa .av-image-caption-overlay-center{\ncolor:#ffffff;\n}\n<\/style>\n<div  class='avia-image-container av-1p16uq-1e7eebf6ca82395121b942663c5523aa av-styling- av-hover-grow avia-align-left  avia-builder-el-11  el_before_av_hr  avia-builder-el-first'   itemprop=\"image\" itemscope=\"itemscope\" itemtype=\"https:\/\/schema.org\/ImageObject\" ><div class=\"avia-image-container-inner\"><div class=\"avia-image-overlay-wrap\"><img decoding=\"async\" fetchpriority=\"high\" class='wp-image-1498 avia-img-lazy-loading-not-1498 avia_image' src=\"https:\/\/www.fraukeseidenberg.de\/wp-content\/uploads\/2022\/10\/55-Frauke-Kontakt.jpg\" alt='Frauke Seidenberg' title='55-Frauke-Kontakt'  height=\"750\" width=\"500\"  itemprop=\"thumbnailUrl\" srcset=\"https:\/\/www.fraukeseidenberg.de\/wp-content\/uploads\/2022\/10\/55-Frauke-Kontakt.jpg 500w, https:\/\/www.fraukeseidenberg.de\/wp-content\/uploads\/2022\/10\/55-Frauke-Kontakt-200x300.jpg 200w, https:\/\/www.fraukeseidenberg.de\/wp-content\/uploads\/2022\/10\/55-Frauke-Kontakt-470x705.jpg 470w\" sizes=\"(max-width: 500px) 100vw, 500px\" \/><\/div><\/div><\/div><br \/>\n\n<style type=\"text\/css\" data-created_by=\"avia_inline_auto\" id=\"style-css-av-5l3aa-83a97da5bf72abc2df3796ac658c7e08\">\n#top .hr.av-5l3aa-83a97da5bf72abc2df3796ac658c7e08{\nmargin-top:3px;\nmargin-bottom:3px;\n}\n.hr.av-5l3aa-83a97da5bf72abc2df3796ac658c7e08 .hr-inner{\nwidth:100%;\n}\n<\/style>\n<div  class='hr av-5l3aa-83a97da5bf72abc2df3796ac658c7e08 hr-custom  avia-builder-el-12  el_after_av_image  el_before_av_textblock  hr-center hr-icon-no'><span class='hr-inner inner-border-av-border-none'><span class=\"hr-inner-style\"><\/span><\/span><\/div><br \/>\n\n<style type=\"text\/css\" data-created_by=\"avia_inline_auto\" id=\"style-css-av-1g5w96-d05010c7b650a971a356f8e8f79cc13c\">\n#top .av_textblock_section.av-1g5w96-d05010c7b650a971a356f8e8f79cc13c .avia_textblock{\nfont-size:13px;\ncolor:#386607;\n}\n<\/style>\n<section  class='av_textblock_section av-1g5w96-d05010c7b650a971a356f8e8f79cc13c'   itemscope=\"itemscope\" itemtype=\"https:\/\/schema.org\/CreativeWork\" ><div class='avia_textblock av_inherit_color'  itemprop=\"text\" ><p><strong>Frauke Seidenberg\u00a0 Heilpraktikerin f\u00fcr Psychotherapie<\/strong><br \/>\nStudio per psicoterapia, coaching e lavoro corporeo<\/p>\n<p>Hiltmannsdorfer Str. 58<br \/>\n90768 F\u00fcrth-Burgfarrnbach<\/p>\n<p>Tel. +49 160 96220081<br \/>\nkontakt@fraukeseidenberg.de<\/p>\n<\/div><\/section><br \/>\n\n<style type=\"text\/css\" data-created_by=\"avia_inline_auto\" id=\"style-css-av-170p6a-a4b475e3c4e123958ae01ec8d0d659e6\">\n#top .hr.av-170p6a-a4b475e3c4e123958ae01ec8d0d659e6{\nmargin-top:3px;\nmargin-bottom:3px;\n}\n.hr.av-170p6a-a4b475e3c4e123958ae01ec8d0d659e6 .hr-inner{\nwidth:100%;\n}\n<\/style>\n<div  class='hr av-170p6a-a4b475e3c4e123958ae01ec8d0d659e6 hr-custom  avia-builder-el-14  el_after_av_textblock  el_before_av_contact  hr-center hr-icon-no'><span class='hr-inner inner-border-av-border-thin'><span class=\"hr-inner-style\"><\/span><\/span><\/div><br \/>\n<form action=\"https:\/\/www.fraukeseidenberg.de\/it\/psychotherapie_coaching\/\" method=\"post\" data-fields-with-error=\"Sono stati riscontrati errori nei seguenti campi:\" class=\"avia_ajax_form av-form-labels-visible   avia-builder-el-15  el_after_av_hr  avia-builder-el-last\" data-avia-form-id=\"1\" data-avia-redirect='' data-trp-original-action=\"https:\/\/www.fraukeseidenberg.de\/it\/psychotherapie_coaching\/\" ><h3 class=''>Contattami:<\/h3><fieldset><p class='first_form  form_element form_fullwidth' id='element_avia_1_1'><label for=\"avia_1_1\">Name <abbr class=\"required\" title=\"richiesto\">*<\/abbr><\/label> <input name=\"avia_1_1\" class=\"text_input is_empty\" type=\"text\" id=\"avia_1_1\" value=\"\" \/><\/p><p class='first_form  form_element form_fullwidth' id='element_avia_2_1'><label for=\"avia_2_1\">E-Mail <abbr class=\"required\" title=\"richiesto\">*<\/abbr><\/label> <input name=\"avia_2_1\" class=\"text_input is_email\" type=\"text\" id=\"avia_2_1\" value=\"\" \/><\/p><p class='first_form  form_element form_fullwidth' id='element_avia_3_1'><label for=\"avia_3_1\" class=\"textare_label hidden textare_label_avia_3_1\">Nachricht <abbr class=\"required\" title=\"richiesto\">*<\/abbr><\/label><textarea  name=\"avia_3_1\" class=\"text_area is_empty\" cols=\"40\" rows=\"7\" id=\"avia_3_1\" ><\/textarea><\/p><p class=\"hidden\"><input type=\"text\" name=\"avia_4_1\" class=\"hidden\" id=\"avia_4_1\" value=\"\" \/><\/p><p class='form_element form_fullwidth' id='element_avia_5_1'><span class='value_verifier_label'>4 + 0 = ?<\/span><input name=\"avia_5_1_verifier\" type=\"hidden\" id=\"avia_5_1_verifier\" value=\"871854475\"\/><label for=\"avia_5_1\">Dimostra di essere umano risolvendo l'equazione <abbr class=\"required\" title=\"richiesto\">*<\/abbr><\/label><input name=\"avia_5_1\" class=\"text_input captcha\" type=\"text\" id=\"avia_5_1\" value=\"\"\/><\/p><p class=\"form_element\"><input type=\"hidden\" value=\"1\" name=\"avia_generated_form1\" \/><input type=\"submit\" value=\"Nachricht absenden!\" class=\"button\"  data-sending-label=\"Invio\"\/><\/p><\/fieldset><input type=\"hidden\" name=\"trp-form-language\" value=\"it\"\/><\/form><div id=\"ajaxresponse_1\" class=\"ajaxresponse ajaxresponse_1 hidden\"><\/div><\/p><\/div><\/p>","protected":false},"excerpt":{"rendered":"","protected":false},"author":2,"featured_media":0,"parent":0,"menu_order":0,"comment_status":"open","ping_status":"open","template":"","meta":{"footnotes":""},"class_list":["post-114","page","type-page","status-publish","hentry"],"yoast_head":"<!-- This site is optimized with the Yoast SEO plugin v27.0 - https:\/\/yoast.com\/product\/yoast-seo-wordpress\/ -->\n<title>Psychotherapie &amp; Coaching in F\u00fcrth, Psicoterapia in italiano a F\u00fcrth<\/title>\n<meta name=\"description\" content=\"Psychotherapie &amp; Coaching, Brainspotting und EMDR mit Frauke Seidenberg in F\u00fcrth, Psicoterapia in lingua italiana.\" \/>\n<meta name=\"robots\" content=\"index, follow, max-snippet:-1, max-image-preview:large, max-video-preview:-1\" \/>\n<link rel=\"canonical\" href=\"https:\/\/www.fraukeseidenberg.de\/it\/psychotherapie_coaching\/\" \/>\n<meta property=\"og:locale\" content=\"it_IT\" \/>\n<meta property=\"og:type\" content=\"article\" \/>\n<meta property=\"og:title\" content=\"Psychotherapie &amp; Coaching in F\u00fcrth, Psicoterapia in italiano a F\u00fcrth\" \/>\n<meta property=\"og:description\" content=\"Psychotherapie &amp; Coaching, Brainspotting und EMDR mit Frauke Seidenberg in F\u00fcrth, Psicoterapia in lingua italiana.\" \/>\n<meta property=\"og:url\" content=\"https:\/\/www.fraukeseidenberg.de\/it\/psychotherapie_coaching\/\" \/>\n<meta property=\"og:site_name\" content=\"Frauke Seidenberg\" \/>\n<meta property=\"article:modified_time\" content=\"2025-11-19T13:33:45+00:00\" \/>\n<meta name=\"twitter:card\" content=\"summary_large_image\" \/>\n<meta name=\"twitter:label1\" content=\"Tempo di lettura stimato\" \/>\n\t<meta name=\"twitter:data1\" content=\"3 minuti\" \/>\n<script type=\"application\/ld+json\" class=\"yoast-schema-graph\">{\"@context\":\"https:\/\/schema.org\",\"@graph\":[{\"@type\":\"WebPage\",\"@id\":\"https:\/\/www.fraukeseidenberg.de\/psychotherapie_coaching\/\",\"url\":\"https:\/\/www.fraukeseidenberg.de\/psychotherapie_coaching\/\",\"name\":\"Psychotherapie & Coaching in F\u00fcrth, Psicoterapia in italiano a F\u00fcrth\",\"isPartOf\":{\"@id\":\"https:\/\/www.fraukeseidenberg.de\/#website\"},\"datePublished\":\"2022-10-09T13:00:41+00:00\",\"dateModified\":\"2025-11-19T13:33:45+00:00\",\"description\":\"Psychotherapie & Coaching, Brainspotting und EMDR mit Frauke Seidenberg in F\u00fcrth, Psicoterapia in lingua italiana.\",\"breadcrumb\":{\"@id\":\"https:\/\/www.fraukeseidenberg.de\/psychotherapie_coaching\/#breadcrumb\"},\"inLanguage\":\"it-IT\",\"potentialAction\":[{\"@type\":\"ReadAction\",\"target\":[\"https:\/\/www.fraukeseidenberg.de\/psychotherapie_coaching\/\"]}]},{\"@type\":\"BreadcrumbList\",\"@id\":\"https:\/\/www.fraukeseidenberg.de\/psychotherapie_coaching\/#breadcrumb\",\"itemListElement\":[{\"@type\":\"ListItem\",\"position\":1,\"name\":\"Home\",\"item\":\"https:\/\/www.fraukeseidenberg.de\/\"},{\"@type\":\"ListItem\",\"position\":2,\"name\":\"Psychotherapie &#038; Coaching\"}]},{\"@type\":\"WebSite\",\"@id\":\"https:\/\/www.fraukeseidenberg.de\/#website\",\"url\":\"https:\/\/www.fraukeseidenberg.de\/\",\"name\":\"Frauke Seidenberg\",\"description\":\"Praxis f\u00fcr Psychotherapie, Coaching und K\u00f6rperarbeit\",\"publisher\":{\"@id\":\"https:\/\/www.fraukeseidenberg.de\/#\/schema\/person\/a0328239dceff603a45e6760bcec5718\"},\"potentialAction\":[{\"@type\":\"SearchAction\",\"target\":{\"@type\":\"EntryPoint\",\"urlTemplate\":\"https:\/\/www.fraukeseidenberg.de\/?s={search_term_string}\"},\"query-input\":{\"@type\":\"PropertyValueSpecification\",\"valueRequired\":true,\"valueName\":\"search_term_string\"}}],\"inLanguage\":\"it-IT\"},{\"@type\":[\"Person\",\"Organization\"],\"@id\":\"https:\/\/www.fraukeseidenberg.de\/#\/schema\/person\/a0328239dceff603a45e6760bcec5718\",\"name\":\"Frauke108\",\"image\":{\"@type\":\"ImageObject\",\"inLanguage\":\"it-IT\",\"@id\":\"https:\/\/www.fraukeseidenberg.de\/#\/schema\/person\/image\/\",\"url\":\"https:\/\/secure.gravatar.com\/avatar\/a75c965aed76bc94dcfd824734258f0c8aca75560b442e329af2ad6fccb51843?s=96&d=mm&r=g\",\"contentUrl\":\"https:\/\/secure.gravatar.com\/avatar\/a75c965aed76bc94dcfd824734258f0c8aca75560b442e329af2ad6fccb51843?s=96&d=mm&r=g\",\"caption\":\"Frauke108\"},\"logo\":{\"@id\":\"https:\/\/www.fraukeseidenberg.de\/#\/schema\/person\/image\/\"}}]}<\/script>\n<!-- \/ Yoast SEO plugin. -->","yoast_head_json":{"title":"Psychotherapie & Coaching in F\u00fcrth, Psicoterapia in italiano a F\u00fcrth","description":"Psychotherapie & Coaching, Brainspotting und EMDR mit Frauke Seidenberg in F\u00fcrth, Psicoterapia in lingua italiana.","robots":{"index":"index","follow":"follow","max-snippet":"max-snippet:-1","max-image-preview":"max-image-preview:large","max-video-preview":"max-video-preview:-1"},"canonical":"https:\/\/www.fraukeseidenberg.de\/it\/psychotherapie_coaching\/","og_locale":"it_IT","og_type":"article","og_title":"Psychotherapie & Coaching in F\u00fcrth, Psicoterapia in italiano a F\u00fcrth","og_description":"Psychotherapie & Coaching, Brainspotting und EMDR mit Frauke Seidenberg in F\u00fcrth, Psicoterapia in lingua italiana.","og_url":"https:\/\/www.fraukeseidenberg.de\/it\/psychotherapie_coaching\/","og_site_name":"Frauke Seidenberg","article_modified_time":"2025-11-19T13:33:45+00:00","twitter_card":"summary_large_image","twitter_misc":{"Tempo di lettura stimato":"3 minuti"},"schema":{"@context":"https:\/\/schema.org","@graph":[{"@type":"WebPage","@id":"https:\/\/www.fraukeseidenberg.de\/psychotherapie_coaching\/","url":"https:\/\/www.fraukeseidenberg.de\/psychotherapie_coaching\/","name":"Psychotherapie & Coaching in F\u00fcrth, Psicoterapia in italiano a F\u00fcrth","isPartOf":{"@id":"https:\/\/www.fraukeseidenberg.de\/#website"},"datePublished":"2022-10-09T13:00:41+00:00","dateModified":"2025-11-19T13:33:45+00:00","description":"Psychotherapie & Coaching, Brainspotting und EMDR mit Frauke Seidenberg in F\u00fcrth, Psicoterapia in lingua italiana.","breadcrumb":{"@id":"https:\/\/www.fraukeseidenberg.de\/psychotherapie_coaching\/#breadcrumb"},"inLanguage":"it-IT","potentialAction":[{"@type":"ReadAction","target":["https:\/\/www.fraukeseidenberg.de\/psychotherapie_coaching\/"]}]},{"@type":"BreadcrumbList","@id":"https:\/\/www.fraukeseidenberg.de\/psychotherapie_coaching\/#breadcrumb","itemListElement":[{"@type":"ListItem","position":1,"name":"Home","item":"https:\/\/www.fraukeseidenberg.de\/"},{"@type":"ListItem","position":2,"name":"Psychotherapie &#038; Coaching"}]},{"@type":"WebSite","@id":"https:\/\/www.fraukeseidenberg.de\/#website","url":"https:\/\/www.fraukeseidenberg.de\/","name":"Frauke Seidenberg","description":"Studio per psicoterapia, coaching e lavoro corporeo","publisher":{"@id":"https:\/\/www.fraukeseidenberg.de\/#\/schema\/person\/a0328239dceff603a45e6760bcec5718"},"potentialAction":[{"@type":"SearchAction","target":{"@type":"EntryPoint","urlTemplate":"https:\/\/www.fraukeseidenberg.de\/?s={search_term_string}"},"query-input":{"@type":"PropertyValueSpecification","valueRequired":true,"valueName":"search_term_string"}}],"inLanguage":"it-IT"},{"@type":["Person","Organization"],"@id":"https:\/\/www.fraukeseidenberg.de\/#\/schema\/person\/a0328239dceff603a45e6760bcec5718","name":"Frauke108","image":{"@type":"ImageObject","inLanguage":"it-IT","@id":"https:\/\/www.fraukeseidenberg.de\/#\/schema\/person\/image\/","url":"https:\/\/secure.gravatar.com\/avatar\/a75c965aed76bc94dcfd824734258f0c8aca75560b442e329af2ad6fccb51843?s=96&d=mm&r=g","contentUrl":"https:\/\/secure.gravatar.com\/avatar\/a75c965aed76bc94dcfd824734258f0c8aca75560b442e329af2ad6fccb51843?s=96&d=mm&r=g","caption":"Frauke108"},"logo":{"@id":"https:\/\/www.fraukeseidenberg.de\/#\/schema\/person\/image\/"}}]}},"_links":{"self":[{"href":"https:\/\/www.fraukeseidenberg.de\/it\/wp-json\/wp\/v2\/pages\/114","targetHints":{"allow":["GET"]}}],"collection":[{"href":"https:\/\/www.fraukeseidenberg.de\/it\/wp-json\/wp\/v2\/pages"}],"about":[{"href":"https:\/\/www.fraukeseidenberg.de\/it\/wp-json\/wp\/v2\/types\/page"}],"author":[{"embeddable":true,"href":"https:\/\/www.fraukeseidenberg.de\/it\/wp-json\/wp\/v2\/users\/2"}],"replies":[{"embeddable":true,"href":"https:\/\/www.fraukeseidenberg.de\/it\/wp-json\/wp\/v2\/comments?post=114"}],"version-history":[{"count":108,"href":"https:\/\/www.fraukeseidenberg.de\/it\/wp-json\/wp\/v2\/pages\/114\/revisions"}],"predecessor-version":[{"id":244,"href":"https:\/\/www.fraukeseidenberg.de\/it\/wp-json\/wp\/v2\/pages\/114\/revisions\/244"}],"wp:attachment":[{"href":"https:\/\/www.fraukeseidenberg.de\/it\/wp-json\/wp\/v2\/media?parent=114"}],"curies":[{"name":"wp","href":"https:\/\/api.w.org\/{rel}","templated":true}]}}