{"id":1242,"date":"2022-10-09T15:00:08","date_gmt":"2022-10-09T13:00:08","guid":{"rendered":"http:\/\/www.fraukeseidenberg.de\/?page_id=1242"},"modified":"2025-11-19T14:31:43","modified_gmt":"2025-11-19T13:31:43","slug":"familienaufstellung","status":"publish","type":"page","link":"https:\/\/www.fraukeseidenberg.de\/it\/familienaufstellung\/","title":{"rendered":"Costellazioni familiari"},"content":{"rendered":"<div  class='flex_column av-1ab5a-c55c092e1886142c32de9bec61488c1b av_three_fourth  avia-builder-el-0  el_before_av_one_fourth  avia-builder-el-first  first flex_column_div'     ><p>\n<style type=\"text\/css\" data-created_by=\"avia_inline_auto\" id=\"style-css-av-7k2h9m-136efc21b5bf6a1ad8766cada51d9c8c\">\n#top .av-special-heading.av-7k2h9m-136efc21b5bf6a1ad8766cada51d9c8c{\npadding-bottom:1px;\ncolor:#386607;\nfont-size:26px;\n}\nbody .av-special-heading.av-7k2h9m-136efc21b5bf6a1ad8766cada51d9c8c .av-special-heading-tag .heading-char{\nfont-size:25px;\n}\n#top #wrap_all .av-special-heading.av-7k2h9m-136efc21b5bf6a1ad8766cada51d9c8c .av-special-heading-tag{\nfont-size:26px;\n}\n.av-special-heading.av-7k2h9m-136efc21b5bf6a1ad8766cada51d9c8c .special-heading-inner-border{\nborder-color:#386607;\n}\n.av-special-heading.av-7k2h9m-136efc21b5bf6a1ad8766cada51d9c8c .av-subheading{\nfont-size:15px;\n}\n\n@media only screen and (min-width: 480px) and (max-width: 767px){ \n#top #wrap_all .av-special-heading.av-7k2h9m-136efc21b5bf6a1ad8766cada51d9c8c .av-special-heading-tag{\nfont-size:0.8em;\n}\n}\n\n@media only screen and (max-width: 479px){ \n#top #wrap_all .av-special-heading.av-7k2h9m-136efc21b5bf6a1ad8766cada51d9c8c .av-special-heading-tag{\nfont-size:0.8em;\n}\n}\n<\/style>\n<div  class='av-special-heading av-7k2h9m-136efc21b5bf6a1ad8766cada51d9c8c av-special-heading-h3 custom-color-heading blockquote modern-quote  avia-builder-el-1  el_before_av_heading  avia-builder-el-first  av-inherit-size av-linked-heading'><h3 class='av-special-heading-tag'  itemprop=\"headline\"  >Costellazioni familiari<\/h3><div class='av_custom_color av-subheading av-subheading_below'><p>Ihre Themen aus einer anderen Perspektive betrachten &amp; l\u00f6sen<\/p>\n<\/div><div class=\"special-heading-border\"><div class=\"special-heading-inner-border\"><\/div><\/div><\/div><br \/>\n\n<style type=\"text\/css\" data-created_by=\"avia_inline_auto\" id=\"style-css-av-616j0a-f04f63955944ac8c867ba34112196a7d\">\n#top .av-special-heading.av-616j0a-f04f63955944ac8c867ba34112196a7d{\npadding-bottom:10px;\ncolor:#386607;\nfont-size:16px;\n}\nbody .av-special-heading.av-616j0a-f04f63955944ac8c867ba34112196a7d .av-special-heading-tag .heading-char{\nfont-size:25px;\n}\n#top #wrap_all .av-special-heading.av-616j0a-f04f63955944ac8c867ba34112196a7d .av-special-heading-tag{\nfont-size:16px;\n}\n.av-special-heading.av-616j0a-f04f63955944ac8c867ba34112196a7d .special-heading-inner-border{\nborder-color:#386607;\n}\n.av-special-heading.av-616j0a-f04f63955944ac8c867ba34112196a7d .av-subheading{\nfont-size:15px;\n}\n\n@media only screen and (min-width: 480px) and (max-width: 767px){ \n#top #wrap_all .av-special-heading.av-616j0a-f04f63955944ac8c867ba34112196a7d .av-special-heading-tag{\nfont-size:0.8em;\n}\n}\n\n@media only screen and (max-width: 479px){ \n#top #wrap_all .av-special-heading.av-616j0a-f04f63955944ac8c867ba34112196a7d .av-special-heading-tag{\nfont-size:0.8em;\n}\n}\n<\/style>\n<div  class='av-special-heading av-616j0a-f04f63955944ac8c867ba34112196a7d av-special-heading-h4 custom-color-heading blockquote modern-quote  avia-builder-el-2  el_after_av_heading  el_before_av_textblock  av-inherit-size av-linked-heading'><h4 class='av-special-heading-tag'  itemprop=\"headline\"  >Costellazioni familiari: cosa sono e come funzionano?<\/h4><div class=\"special-heading-border\"><div class=\"special-heading-inner-border\"><\/div><\/div><\/div><br \/>\n\n<style type=\"text\/css\" data-created_by=\"avia_inline_auto\" id=\"style-css-av-bt3sq-7cbedfcfdb4c97da83c4235906d68c1d\">\n#top .av_textblock_section.av-bt3sq-7cbedfcfdb4c97da83c4235906d68c1d .avia_textblock{\nfont-size:15px;\n}\n<\/style>\n<section  class='av_textblock_section av-bt3sq-7cbedfcfdb4c97da83c4235906d68c1d'   itemscope=\"itemscope\" itemtype=\"https:\/\/schema.org\/CreativeWork\" ><div class='avia_textblock'  itemprop=\"text\" ><p>Il metodo delle \u201cCostellazioni familiari sistemiche\u201d \u00e8 stato reso popolare da Bert Hellinger e da allora \u00e8 stato ulteriormente sviluppato in molte varianti. Utilizza il fenomeno del \u201ccampo conoscitivo\u201d o \u201ccampo morfogenetico\u201d (Rupert Sheldrake). Le costellazioni sistemiche lavorano con l'effetto di questo campo.<\/p>\n<p>Le Costellazioni Familiari sono un metodo di presa di coscienza e risoluzione di una vasta gamma di problematiche che derivano dalla famiglia di origine e possono manifestarsi nella vita di ogni giorno sul piano del benessere individuale, delle relazioni interpersonali, del processo di autorealizzazione. \nVengono utilizzati dei rappresentanti o segnaposti per rappresentare il tuo argomento nella stanza, in modo che tu abbia l'opportunit\u00e0 di guardare la tua situazione dall' \u201cesterno\u201d o di entrare in empatia con le altre posizioni.<\/p>\n<p>In questo modo si rendono visibili le connessioni, gli ostacoli o i blocchi, che possono indicare con precisione dove si pu\u00f2 trovare una soluzione. Ad esempio, puoi dire quello che hai sempre voluto dire, cambiare posizione, compiere un'azione simbolica e renderti conto con stupore che ora ti senti diverso e il problema appare in una luce completamente diversa o viene risolto.<\/p>\n<p>Non solo i problemi familiari possono essere affrontati con le costellazioni, ma anche tutti gli ambiti della tua vita. Non \u00e8 necessario avere alcuna conoscenza o esperienza precedente di costellazioni familiari. Ti guider\u00f2 e ti aiuter\u00f2 a trovare, riconoscere e risolvere i problemi principali.<\/p>\n<\/div><\/section><br \/>\n\n<style type=\"text\/css\" data-created_by=\"avia_inline_auto\" id=\"style-css-av-m6jkl3hk-134b1c7139e33ff8dc4de193bb7216f5\">\n.avia-image-container.av-m6jkl3hk-134b1c7139e33ff8dc4de193bb7216f5 img.avia_image{\nbox-shadow:none;\n}\n.avia-image-container.av-m6jkl3hk-134b1c7139e33ff8dc4de193bb7216f5 .av-image-caption-overlay-center{\ncolor:#ffffff;\n}\n<\/style>\n<div  class='avia-image-container av-m6jkl3hk-134b1c7139e33ff8dc4de193bb7216f5 av-styling- avia-align-left  avia-builder-el-4  el_after_av_textblock  el_before_av_hr'   itemprop=\"image\" itemscope=\"itemscope\" itemtype=\"https:\/\/schema.org\/ImageObject\" ><div class=\"avia-image-container-inner\"><div class=\"avia-image-overlay-wrap\"><img decoding=\"async\" fetchpriority=\"high\" class='wp-image-1727 avia-img-lazy-loading-not-1727 avia_image' src=\"https:\/\/www.fraukeseidenberg.de\/wp-content\/uploads\/2025\/01\/Fam.stellen1.jpeg\" alt='Familienaufstellung - die Situation aus einer anderen Perspektive betrachten' title='Costellazioni familiari: vedere e risolvere i problemi da una prospettiva diversa'  height=\"335\" width=\"600\"  itemprop=\"thumbnailUrl\" srcset=\"https:\/\/www.fraukeseidenberg.de\/wp-content\/uploads\/2025\/01\/Fam.stellen1.jpeg 600w, https:\/\/www.fraukeseidenberg.de\/wp-content\/uploads\/2025\/01\/Fam.stellen1-300x168.jpeg 300w\" sizes=\"(max-width: 600px) 100vw, 600px\" \/><\/div><\/div><\/div><br \/>\n\n<style type=\"text\/css\" data-created_by=\"avia_inline_auto\" id=\"style-css-av-an1je-e451774c81107c8f08561583472e1a4b\">\n#top .hr.hr-invisible.av-an1je-e451774c81107c8f08561583472e1a4b{\nheight:25px;\n}\n<\/style>\n<div  class='hr av-an1je-e451774c81107c8f08561583472e1a4b hr-invisible  avia-builder-el-5  el_after_av_image  el_before_av_heading'><span class='hr-inner'><span class=\"hr-inner-style\"><\/span><\/span><\/div><br \/>\n\n<style type=\"text\/css\" data-created_by=\"avia_inline_auto\" id=\"style-css-av-3x16qi-cdfaf05a13606a65c6b40e9d898e9fdf\">\n#top .av-special-heading.av-3x16qi-cdfaf05a13606a65c6b40e9d898e9fdf{\npadding-bottom:10px;\ncolor:#386607;\nfont-size:16px;\n}\nbody .av-special-heading.av-3x16qi-cdfaf05a13606a65c6b40e9d898e9fdf .av-special-heading-tag .heading-char{\nfont-size:25px;\n}\n#top #wrap_all .av-special-heading.av-3x16qi-cdfaf05a13606a65c6b40e9d898e9fdf .av-special-heading-tag{\nfont-size:16px;\n}\n.av-special-heading.av-3x16qi-cdfaf05a13606a65c6b40e9d898e9fdf .special-heading-inner-border{\nborder-color:#386607;\n}\n.av-special-heading.av-3x16qi-cdfaf05a13606a65c6b40e9d898e9fdf .av-subheading{\nfont-size:15px;\n}\n\n@media only screen and (min-width: 480px) and (max-width: 767px){ \n#top #wrap_all .av-special-heading.av-3x16qi-cdfaf05a13606a65c6b40e9d898e9fdf .av-special-heading-tag{\nfont-size:0.8em;\n}\n}\n\n@media only screen and (max-width: 479px){ \n#top #wrap_all .av-special-heading.av-3x16qi-cdfaf05a13606a65c6b40e9d898e9fdf .av-special-heading-tag{\nfont-size:0.8em;\n}\n}\n<\/style>\n<div  class='av-special-heading av-3x16qi-cdfaf05a13606a65c6b40e9d898e9fdf av-special-heading-h4 custom-color-heading blockquote modern-quote  avia-builder-el-6  el_after_av_hr  el_before_av_textblock  av-inherit-size av-linked-heading'><h4 class='av-special-heading-tag'  itemprop=\"headline\"  >A cosa servono i Costellazioni familiari?<\/h4><div class=\"special-heading-border\"><div class=\"special-heading-inner-border\"><\/div><\/div><\/div><br \/>\n\n<style type=\"text\/css\" data-created_by=\"avia_inline_auto\" id=\"style-css-av-z47q-1779dce5f3031fcd6dae1183617a48eb\">\n#top .av_textblock_section.av-z47q-1779dce5f3031fcd6dae1183617a48eb .avia_textblock{\nfont-size:15px;\n}\n<\/style>\n<section  class='av_textblock_section av-z47q-1779dce5f3031fcd6dae1183617a48eb'   itemscope=\"itemscope\" itemtype=\"https:\/\/schema.org\/CreativeWork\" ><div class='avia_textblock'  itemprop=\"text\" ><ul>\n<li>Chiarimento di situazioni professionali e private problematiche e di crisi<\/li>\n<li>Chiarire il rapporto con i genitori, i figli, gli (ex) partner o il proprio destino<\/li>\n<li>Liberazione da blocchi, sovraccarico, fardelli<\/li>\n<li>Cambiare vecchi schemi di pensiero o di comportamento<\/li>\n<li>Sostegno nelle decisioni, nei processi di guarigione, negli addii e nei nuovi inizi<\/li>\n<\/ul>\n<\/div><\/section><br \/>\n\n<style type=\"text\/css\" data-created_by=\"avia_inline_auto\" id=\"style-css-av-2bri22-529d1737e73af27d24c94d450bba471a\">\n#top .av-special-heading.av-2bri22-529d1737e73af27d24c94d450bba471a{\npadding-bottom:10px;\ncolor:#386607;\nfont-size:16px;\n}\nbody .av-special-heading.av-2bri22-529d1737e73af27d24c94d450bba471a .av-special-heading-tag .heading-char{\nfont-size:25px;\n}\n#top #wrap_all .av-special-heading.av-2bri22-529d1737e73af27d24c94d450bba471a .av-special-heading-tag{\nfont-size:16px;\n}\n.av-special-heading.av-2bri22-529d1737e73af27d24c94d450bba471a .special-heading-inner-border{\nborder-color:#386607;\n}\n.av-special-heading.av-2bri22-529d1737e73af27d24c94d450bba471a .av-subheading{\nfont-size:15px;\n}\n\n@media only screen and (min-width: 480px) and (max-width: 767px){ \n#top #wrap_all .av-special-heading.av-2bri22-529d1737e73af27d24c94d450bba471a .av-special-heading-tag{\nfont-size:0.8em;\n}\n}\n\n@media only screen and (max-width: 479px){ \n#top #wrap_all .av-special-heading.av-2bri22-529d1737e73af27d24c94d450bba471a .av-special-heading-tag{\nfont-size:0.8em;\n}\n}\n<\/style>\n<div  class='av-special-heading av-2bri22-529d1737e73af27d24c94d450bba471a av-special-heading-h4 custom-color-heading blockquote modern-quote  avia-builder-el-8  el_after_av_textblock  el_before_av_textblock  av-inherit-size av-linked-heading'><h4 class='av-special-heading-tag'  itemprop=\"headline\"  >Tariffario:<\/h4><div class=\"special-heading-border\"><div class=\"special-heading-inner-border\"><\/div><\/div><\/div><br \/>\n\n<style type=\"text\/css\" data-created_by=\"avia_inline_auto\" id=\"style-css-av-8g99a-f8c9ce9e235e1c9e0d39eb431c1eb96c\">\n#top .av_textblock_section.av-8g99a-f8c9ce9e235e1c9e0d39eb431c1eb96c .avia_textblock{\nfont-size:15px;\n}\n<\/style>\n<section  class='av_textblock_section av-8g99a-f8c9ce9e235e1c9e0d39eb431c1eb96c'   itemscope=\"itemscope\" itemtype=\"https:\/\/schema.org\/CreativeWork\" ><div class='avia_textblock'  itemprop=\"text\" ><p>L'appuntamento per una costellazione familiare viene pianificato da me in modo flessibile, in modo che sia possibile prolungare i tempi senza problemi. Una costellazione dura di solito dai 60 ai 120 minuti, a seconda del corso della costellazione e di molti fattori personali.\nL'esperienza ha dimostrato che non si supera un tempo di 2 ore,<\/p>\n<p>Se dopo un appuntamento dovesse presentarsi una situazione difficile tale da richiedere il mio supporto telefonico, potrai contattarmi telefonicamente. A differenza della maggior parte degli altri terapeuti, le chiamate d'emergenza non sono a pagamento.<\/p>\n<p>Seduta di Costellazioni familiari (60 minuti)                120 \u20ac<\/p>\n<p>Se durante l'appuntamento emerger\u00e0 che serve pi\u00f9 tempo per il trattamento, verranno addebitati 60 \u20ac\nper ogni 30 minuti aggiuntivi.<\/p>\n<p>Si prega di pagare l'importo in contanti al momento dell'appuntamento.<\/p>\n<\/div><\/section><br \/>\n\n<style type=\"text\/css\" data-created_by=\"avia_inline_auto\" id=\"style-css-av-85k86-18297ecfcfef59f1ccb33d73241f7d0b\">\n#top .hr.hr-invisible.av-85k86-18297ecfcfef59f1ccb33d73241f7d0b{\nheight:25px;\n}\n<\/style>\n<div  class='hr av-85k86-18297ecfcfef59f1ccb33d73241f7d0b hr-invisible  avia-builder-el-10  el_after_av_textblock  avia-builder-el-last'><span class='hr-inner'><span class=\"hr-inner-style\"><\/span><\/span><\/div><\/p><\/div><div  class='flex_column av-is38dm-36621fac0456f4a7d90417c61a16c2d8 av_one_fourth  avia-builder-el-11  el_after_av_three_fourth  avia-builder-el-last  flex_column_div'     ><p>\n<style type=\"text\/css\" data-created_by=\"avia_inline_auto\" id=\"style-css-av-gzfrsq-16cb7ca04c6498d0a1f403b8cbab0f82\">\n.avia-image-container.av-gzfrsq-16cb7ca04c6498d0a1f403b8cbab0f82 img.avia_image{\nbox-shadow:none;\n}\n.avia-image-container.av-gzfrsq-16cb7ca04c6498d0a1f403b8cbab0f82 .av-image-caption-overlay-center{\ncolor:#ffffff;\n}\n<\/style>\n<div  class='avia-image-container av-gzfrsq-16cb7ca04c6498d0a1f403b8cbab0f82 av-styling- av-hover-grow avia-align-left  avia-builder-el-12  el_before_av_hr  avia-builder-el-first'   itemprop=\"image\" itemscope=\"itemscope\" itemtype=\"https:\/\/schema.org\/ImageObject\" ><div class=\"avia-image-container-inner\"><div class=\"avia-image-overlay-wrap\"><img decoding=\"async\" fetchpriority=\"high\" class='wp-image-1498 avia-img-lazy-loading-not-1498 avia_image' src=\"https:\/\/www.fraukeseidenberg.de\/wp-content\/uploads\/2022\/10\/55-Frauke-Kontakt.jpg\" alt='Frauke Seidenberg' title='55-Frauke-Kontakt'  height=\"750\" width=\"500\"  itemprop=\"thumbnailUrl\" srcset=\"https:\/\/www.fraukeseidenberg.de\/wp-content\/uploads\/2022\/10\/55-Frauke-Kontakt.jpg 500w, https:\/\/www.fraukeseidenberg.de\/wp-content\/uploads\/2022\/10\/55-Frauke-Kontakt-200x300.jpg 200w, https:\/\/www.fraukeseidenberg.de\/wp-content\/uploads\/2022\/10\/55-Frauke-Kontakt-470x705.jpg 470w\" sizes=\"(max-width: 500px) 100vw, 500px\" \/><\/div><\/div><\/div><br \/>\n\n<style type=\"text\/css\" data-created_by=\"avia_inline_auto\" id=\"style-css-av-fqv9ga-75fa3fbd31c2efdde53f5faed61396d1\">\n#top .hr.av-fqv9ga-75fa3fbd31c2efdde53f5faed61396d1{\nmargin-top:3px;\nmargin-bottom:3px;\n}\n.hr.av-fqv9ga-75fa3fbd31c2efdde53f5faed61396d1 .hr-inner{\nwidth:100%;\n}\n<\/style>\n<div  class='hr av-fqv9ga-75fa3fbd31c2efdde53f5faed61396d1 hr-custom  avia-builder-el-13  el_after_av_image  el_before_av_textblock  hr-center hr-icon-no'><span class='hr-inner inner-border-av-border-none'><span class=\"hr-inner-style\"><\/span><\/span><\/div><br \/>\n\n<style type=\"text\/css\" data-created_by=\"avia_inline_auto\" id=\"style-css-av-1e9nka-3d68bde3850247d3a471756bf0d69cfe\">\n#top .av_textblock_section.av-1e9nka-3d68bde3850247d3a471756bf0d69cfe .avia_textblock{\nfont-size:13px;\ncolor:#386607;\n}\n<\/style>\n<section  class='av_textblock_section av-1e9nka-3d68bde3850247d3a471756bf0d69cfe'   itemscope=\"itemscope\" itemtype=\"https:\/\/schema.org\/CreativeWork\" ><div class='avia_textblock av_inherit_color'  itemprop=\"text\" ><p><strong>Frauke Seidenberg\u00a0 Heilpraktikerin f\u00fcr Psychotherapie<\/strong><br \/>\nStudio per psicoterapia, coaching e lavoro corporeo<\/p>\n<p>Hiltmannsdorfer Str. 58<br \/>\n90768 F\u00fcrth-Burgfarrnbach<\/p>\n<p>Tel. +49 160 96220081<br \/>\nkontakt@fraukeseidenberg.de<\/p>\n<\/div><\/section><br \/>\n\n<style type=\"text\/css\" data-created_by=\"avia_inline_auto\" id=\"style-css-av-c2063e-9c09b159aa99825c2add7cd4ffd95b5c\">\n#top .hr.av-c2063e-9c09b159aa99825c2add7cd4ffd95b5c{\nmargin-top:3px;\nmargin-bottom:3px;\n}\n.hr.av-c2063e-9c09b159aa99825c2add7cd4ffd95b5c .hr-inner{\nwidth:100%;\n}\n<\/style>\n<div  class='hr av-c2063e-9c09b159aa99825c2add7cd4ffd95b5c hr-custom  avia-builder-el-15  el_after_av_textblock  el_before_av_contact  hr-center hr-icon-no'><span class='hr-inner inner-border-av-border-thin'><span class=\"hr-inner-style\"><\/span><\/span><\/div><br \/>\n<form action=\"https:\/\/www.fraukeseidenberg.de\/it\/familienaufstellung\/\" method=\"post\" data-fields-with-error=\"Sono stati riscontrati errori nei seguenti campi:\" class=\"avia_ajax_form av-form-labels-visible   avia-builder-el-16  el_after_av_hr  avia-builder-el-last\" data-avia-form-id=\"1\" data-avia-redirect='' data-trp-original-action=\"https:\/\/www.fraukeseidenberg.de\/it\/familienaufstellung\/\" ><h3 class=''>Contattami:<\/h3><fieldset><p class='first_form  form_element form_fullwidth' id='element_avia_1_1'><label for=\"avia_1_1\">Name <abbr class=\"required\" title=\"richiesto\">*<\/abbr><\/label> <input name=\"avia_1_1\" class=\"text_input is_empty\" type=\"text\" id=\"avia_1_1\" value=\"\" \/><\/p><p class='first_form  form_element form_fullwidth' id='element_avia_2_1'><label for=\"avia_2_1\">E-Mail <abbr class=\"required\" title=\"richiesto\">*<\/abbr><\/label> <input name=\"avia_2_1\" class=\"text_input is_email\" type=\"text\" id=\"avia_2_1\" value=\"\" \/><\/p><p class='first_form  form_element form_fullwidth' id='element_avia_3_1'><label for=\"avia_3_1\" class=\"textare_label hidden textare_label_avia_3_1\">Nachricht <abbr class=\"required\" title=\"richiesto\">*<\/abbr><\/label><textarea  name=\"avia_3_1\" class=\"text_area is_empty\" cols=\"40\" rows=\"7\" id=\"avia_3_1\" ><\/textarea><\/p><p class=\"hidden\"><input type=\"text\" name=\"avia_4_1\" class=\"hidden\" id=\"avia_4_1\" value=\"\" \/><\/p><p class='form_element form_fullwidth' id='element_avia_5_1'><span class='value_verifier_label'>1 + 7 = ?<\/span><input name=\"avia_5_1_verifier\" type=\"hidden\" id=\"avia_5_1_verifier\" value=\"482237531\"\/><label for=\"avia_5_1\">Dimostra di essere umano risolvendo l'equazione <abbr class=\"required\" title=\"richiesto\">*<\/abbr><\/label><input name=\"avia_5_1\" class=\"text_input captcha\" type=\"text\" id=\"avia_5_1\" value=\"\"\/><\/p><p class=\"form_element\"><input type=\"hidden\" value=\"1\" name=\"avia_generated_form1\" \/><input type=\"submit\" value=\"Nachricht absenden!\" class=\"button\"  data-sending-label=\"Invio\"\/><\/p><\/fieldset><input type=\"hidden\" name=\"trp-form-language\" value=\"it\"\/><\/form><div id=\"ajaxresponse_1\" class=\"ajaxresponse ajaxresponse_1 hidden\"><\/div><\/p><\/div><\/p>","protected":false},"excerpt":{"rendered":"","protected":false},"author":2,"featured_media":0,"parent":0,"menu_order":0,"comment_status":"closed","ping_status":"closed","template":"","meta":{"footnotes":""},"class_list":["post-1242","page","type-page","status-publish","hentry"],"yoast_head":"<!-- This site is optimized with the Yoast SEO plugin v27.0 - https:\/\/yoast.com\/product\/yoast-seo-wordpress\/ -->\n<title>Familienaufstellungen<\/title>\n<meta name=\"description\" content=\"Familienaufstellungen, Coaching und Psychotherapie mit Frauke Seidenberg in F\u00fcrth. Psicoterapia e costellazioni familiari in italiano.\" \/>\n<meta name=\"robots\" content=\"index, follow, max-snippet:-1, max-image-preview:large, max-video-preview:-1\" \/>\n<link rel=\"canonical\" href=\"https:\/\/www.fraukeseidenberg.de\/it\/familienaufstellung\/\" \/>\n<meta property=\"og:locale\" content=\"it_IT\" \/>\n<meta property=\"og:type\" content=\"article\" \/>\n<meta property=\"og:title\" content=\"Familienaufstellungen\" \/>\n<meta property=\"og:description\" content=\"Familienaufstellungen, Coaching und Psychotherapie mit Frauke Seidenberg in F\u00fcrth. Psicoterapia e costellazioni familiari in italiano.\" \/>\n<meta property=\"og:url\" content=\"https:\/\/www.fraukeseidenberg.de\/it\/familienaufstellung\/\" \/>\n<meta property=\"og:site_name\" content=\"Frauke Seidenberg\" \/>\n<meta property=\"article:modified_time\" content=\"2025-11-19T13:31:43+00:00\" \/>\n<meta name=\"twitter:card\" content=\"summary_large_image\" \/>\n<meta name=\"twitter:label1\" content=\"Tempo di lettura stimato\" \/>\n\t<meta name=\"twitter:data1\" content=\"3 minuti\" \/>\n<script type=\"application\/ld+json\" class=\"yoast-schema-graph\">{\"@context\":\"https:\/\/schema.org\",\"@graph\":[{\"@type\":\"WebPage\",\"@id\":\"https:\/\/www.fraukeseidenberg.de\/familienaufstellung\/\",\"url\":\"https:\/\/www.fraukeseidenberg.de\/familienaufstellung\/\",\"name\":\"Familienaufstellungen\",\"isPartOf\":{\"@id\":\"https:\/\/www.fraukeseidenberg.de\/#website\"},\"datePublished\":\"2022-10-09T13:00:08+00:00\",\"dateModified\":\"2025-11-19T13:31:43+00:00\",\"description\":\"Familienaufstellungen, Coaching und Psychotherapie mit Frauke Seidenberg in F\u00fcrth. Psicoterapia e costellazioni familiari in italiano.\",\"breadcrumb\":{\"@id\":\"https:\/\/www.fraukeseidenberg.de\/familienaufstellung\/#breadcrumb\"},\"inLanguage\":\"it-IT\",\"potentialAction\":[{\"@type\":\"ReadAction\",\"target\":[\"https:\/\/www.fraukeseidenberg.de\/familienaufstellung\/\"]}]},{\"@type\":\"BreadcrumbList\",\"@id\":\"https:\/\/www.fraukeseidenberg.de\/familienaufstellung\/#breadcrumb\",\"itemListElement\":[{\"@type\":\"ListItem\",\"position\":1,\"name\":\"Home\",\"item\":\"https:\/\/www.fraukeseidenberg.de\/\"},{\"@type\":\"ListItem\",\"position\":2,\"name\":\"Familienaufstellungen\"}]},{\"@type\":\"WebSite\",\"@id\":\"https:\/\/www.fraukeseidenberg.de\/#website\",\"url\":\"https:\/\/www.fraukeseidenberg.de\/\",\"name\":\"Frauke Seidenberg\",\"description\":\"Praxis f\u00fcr Psychotherapie, Coaching und K\u00f6rperarbeit\",\"publisher\":{\"@id\":\"https:\/\/www.fraukeseidenberg.de\/#\/schema\/person\/a0328239dceff603a45e6760bcec5718\"},\"potentialAction\":[{\"@type\":\"SearchAction\",\"target\":{\"@type\":\"EntryPoint\",\"urlTemplate\":\"https:\/\/www.fraukeseidenberg.de\/?s={search_term_string}\"},\"query-input\":{\"@type\":\"PropertyValueSpecification\",\"valueRequired\":true,\"valueName\":\"search_term_string\"}}],\"inLanguage\":\"it-IT\"},{\"@type\":[\"Person\",\"Organization\"],\"@id\":\"https:\/\/www.fraukeseidenberg.de\/#\/schema\/person\/a0328239dceff603a45e6760bcec5718\",\"name\":\"Frauke108\",\"image\":{\"@type\":\"ImageObject\",\"inLanguage\":\"it-IT\",\"@id\":\"https:\/\/www.fraukeseidenberg.de\/#\/schema\/person\/image\/\",\"url\":\"https:\/\/secure.gravatar.com\/avatar\/a75c965aed76bc94dcfd824734258f0c8aca75560b442e329af2ad6fccb51843?s=96&d=mm&r=g\",\"contentUrl\":\"https:\/\/secure.gravatar.com\/avatar\/a75c965aed76bc94dcfd824734258f0c8aca75560b442e329af2ad6fccb51843?s=96&d=mm&r=g\",\"caption\":\"Frauke108\"},\"logo\":{\"@id\":\"https:\/\/www.fraukeseidenberg.de\/#\/schema\/person\/image\/\"}}]}<\/script>\n<!-- \/ Yoast SEO plugin. -->","yoast_head_json":{"title":"Costellazioni familiari","description":"Familienaufstellungen, Coaching und Psychotherapie mit Frauke Seidenberg in F\u00fcrth. Psicoterapia e costellazioni familiari in italiano.","robots":{"index":"index","follow":"follow","max-snippet":"max-snippet:-1","max-image-preview":"max-image-preview:large","max-video-preview":"max-video-preview:-1"},"canonical":"https:\/\/www.fraukeseidenberg.de\/it\/familienaufstellung\/","og_locale":"it_IT","og_type":"article","og_title":"Familienaufstellungen","og_description":"Familienaufstellungen, Coaching und Psychotherapie mit Frauke Seidenberg in F\u00fcrth. Psicoterapia e costellazioni familiari in italiano.","og_url":"https:\/\/www.fraukeseidenberg.de\/it\/familienaufstellung\/","og_site_name":"Frauke Seidenberg","article_modified_time":"2025-11-19T13:31:43+00:00","twitter_card":"summary_large_image","twitter_misc":{"Tempo di lettura stimato":"3 minuti"},"schema":{"@context":"https:\/\/schema.org","@graph":[{"@type":"WebPage","@id":"https:\/\/www.fraukeseidenberg.de\/familienaufstellung\/","url":"https:\/\/www.fraukeseidenberg.de\/familienaufstellung\/","name":"Costellazioni familiari","isPartOf":{"@id":"https:\/\/www.fraukeseidenberg.de\/#website"},"datePublished":"2022-10-09T13:00:08+00:00","dateModified":"2025-11-19T13:31:43+00:00","description":"Familienaufstellungen, Coaching und Psychotherapie mit Frauke Seidenberg in F\u00fcrth. Psicoterapia e costellazioni familiari in italiano.","breadcrumb":{"@id":"https:\/\/www.fraukeseidenberg.de\/familienaufstellung\/#breadcrumb"},"inLanguage":"it-IT","potentialAction":[{"@type":"ReadAction","target":["https:\/\/www.fraukeseidenberg.de\/familienaufstellung\/"]}]},{"@type":"BreadcrumbList","@id":"https:\/\/www.fraukeseidenberg.de\/familienaufstellung\/#breadcrumb","itemListElement":[{"@type":"ListItem","position":1,"name":"Home","item":"https:\/\/www.fraukeseidenberg.de\/"},{"@type":"ListItem","position":2,"name":"Familienaufstellungen"}]},{"@type":"WebSite","@id":"https:\/\/www.fraukeseidenberg.de\/#website","url":"https:\/\/www.fraukeseidenberg.de\/","name":"Frauke Seidenberg","description":"Studio per psicoterapia, coaching e lavoro corporeo","publisher":{"@id":"https:\/\/www.fraukeseidenberg.de\/#\/schema\/person\/a0328239dceff603a45e6760bcec5718"},"potentialAction":[{"@type":"SearchAction","target":{"@type":"EntryPoint","urlTemplate":"https:\/\/www.fraukeseidenberg.de\/?s={search_term_string}"},"query-input":{"@type":"PropertyValueSpecification","valueRequired":true,"valueName":"search_term_string"}}],"inLanguage":"it-IT"},{"@type":["Person","Organization"],"@id":"https:\/\/www.fraukeseidenberg.de\/#\/schema\/person\/a0328239dceff603a45e6760bcec5718","name":"Frauke108","image":{"@type":"ImageObject","inLanguage":"it-IT","@id":"https:\/\/www.fraukeseidenberg.de\/#\/schema\/person\/image\/","url":"https:\/\/secure.gravatar.com\/avatar\/a75c965aed76bc94dcfd824734258f0c8aca75560b442e329af2ad6fccb51843?s=96&d=mm&r=g","contentUrl":"https:\/\/secure.gravatar.com\/avatar\/a75c965aed76bc94dcfd824734258f0c8aca75560b442e329af2ad6fccb51843?s=96&d=mm&r=g","caption":"Frauke108"},"logo":{"@id":"https:\/\/www.fraukeseidenberg.de\/#\/schema\/person\/image\/"}}]}},"_links":{"self":[{"href":"https:\/\/www.fraukeseidenberg.de\/it\/wp-json\/wp\/v2\/pages\/1242","targetHints":{"allow":["GET"]}}],"collection":[{"href":"https:\/\/www.fraukeseidenberg.de\/it\/wp-json\/wp\/v2\/pages"}],"about":[{"href":"https:\/\/www.fraukeseidenberg.de\/it\/wp-json\/wp\/v2\/types\/page"}],"author":[{"embeddable":true,"href":"https:\/\/www.fraukeseidenberg.de\/it\/wp-json\/wp\/v2\/users\/2"}],"replies":[{"embeddable":true,"href":"https:\/\/www.fraukeseidenberg.de\/it\/wp-json\/wp\/v2\/comments?post=1242"}],"version-history":[{"count":23,"href":"https:\/\/www.fraukeseidenberg.de\/it\/wp-json\/wp\/v2\/pages\/1242\/revisions"}],"predecessor-version":[{"id":1915,"href":"https:\/\/www.fraukeseidenberg.de\/it\/wp-json\/wp\/v2\/pages\/1242\/revisions\/1915"}],"wp:attachment":[{"href":"https:\/\/www.fraukeseidenberg.de\/it\/wp-json\/wp\/v2\/media?parent=1242"}],"curies":[{"name":"wp","href":"https:\/\/api.w.org\/{rel}","templated":true}]}}