{"id":1693,"date":"2025-01-25T14:19:59","date_gmt":"2025-01-25T13:19:59","guid":{"rendered":"https:\/\/www.fraukeseidenberg.de\/?page_id=1693"},"modified":"2025-01-25T14:19:59","modified_gmt":"2025-01-25T13:19:59","slug":"datenschutz","status":"publish","type":"page","link":"https:\/\/www.fraukeseidenberg.de\/it\/datenschutz\/","title":{"rendered":"Protezione dei dati"},"content":{"rendered":"<div  class='flex_column av-4ohnd-697a707e947f7a3c5cd47ab5e28ceffe av_one_full  avia-builder-el-0  avia-builder-el-no-sibling  first flex_column_div'     ><p><section  class='av_textblock_section av-3uygd-93fe8ee8c0afe13c21d914650d0adba3'   itemscope=\"itemscope\" itemtype=\"https:\/\/schema.org\/CreativeWork\" ><div class='avia_textblock'  itemprop=\"text\" ><p><strong>Informativa sulla privacy (in conformit\u00e0 al \"DSGVO\" secondo la legge tedesca)<br \/>\n<\/strong><\/p>\n<p><strong>Protezione dei dati<\/strong><\/p>\n<p>In qualit\u00e0 di gestore di questo sito web, io, Frauke Seidenberg, prendo molto sul serio la protezione dei vostri dati personali. I vostri dati personali vengono trattati in modo confidenziale e in conformit\u00e0 con le norme di legge sulla protezione dei dati e con la presente informativa sulla privacy.<\/p>\n<p>L'utilizzo del mio sito web \u00e8 generalmente possibile senza fornire dati personali. Se in queste pagine vengono raccolti dati personali (ad es. nome, indirizzo o indirizzo e-mail), ci\u00f2 avviene sempre, per quanto possibile, su base volontaria. Questi dati non saranno trasmessi a terzi senza il vostro esplicito consenso.<\/p>\n<p>Vorrei sottolineare che la trasmissione dei dati su Internet (ad esempio, quando si comunica via e-mail) pu\u00f2 essere soggetta a vulnerabilit\u00e0 di sicurezza. Non \u00e8 possibile proteggere completamente i dati dall'accesso di terzi.<\/p>\n<p><strong>Cookies<\/strong><\/p>\n<p>Alcune pagine Internet utilizzano i cosiddetti cookie. I cookie non danneggiano il computer e non contengono virus. I cookie vengono utilizzati per rendere il nostro sito web pi\u00f9 facile da usare, efficace e sicuro. I cookie sono piccoli file di testo che vengono memorizzati sul vostro computer e salvati dal vostro browser. La maggior parte dei cookie che utilizziamo sono i cosiddetti \u201ccookie di sessione\u201d. Vengono cancellati automaticamente al termine della visita. Altri cookie rimangono memorizzati sul vostro dispositivo finale finch\u00e9 non li cancellate. Questi cookie ci consentono di riconoscere il vostro browser alla vostra prossima visita.<\/p>\n<p>Potete impostare il vostro browser in modo da essere informati sull'impostazione dei cookie e consentire i cookie solo in singoli casi, escludere l'accettazione dei cookie per determinati casi o in generale e attivare la cancellazione automatica dei cookie alla chiusura del browser. Se i cookie venissero disattivati, la funzionalit\u00e0 di questo sito web potrebbe essere limitata.<\/p>\n<p><strong>Server-Log-Files<\/strong><\/p>\n<p>Il fornitore (provider) delle pagine raccoglie e memorizza automaticamente le informazioni nei cosiddetti Server-Log Files, che il vostro browser ci trasmette automaticamente. Queste informazioni sono<\/p>\n<ul>\n<li>Tipo di browser e versione del browser<\/li>\n<li>sistema operativo utilizzato<\/li>\n<li>Referrer URL<\/li>\n<li>Hostname del computer di accesso<\/li>\n<li>Ora dell'interrogazione del server<\/li>\n<\/ul>\n<p>Questi dati non possono essere assegnati a persone specifiche. Questi dati non vengono uniti ad altre fonti di dati. Mi riservo il diritto di controllare retrospettivamente questi dati se vengo a conoscenza di indicazioni specifiche di utilizzo illegale.<\/p>\n<p><strong>Modulo di contatto<\/strong><\/p>\n<p>Se mi inviate richieste di informazioni tramite il modulo di contatto, i vostri dati del modulo di richiesta, compresi i dati di contatto da voi forniti, saranno memorizzati da me allo scopo di elaborare la richiesta e in caso di domande successive. Non trasmetter\u00f2 questi dati senza il vostro consenso<\/p>\n<p><strong>Dati della newsletter<\/strong><\/p>\n<p>Se desiderate ricevere la newsletter offerta sul sito web, ho bisogno di un vostro indirizzo e-mail e di informazioni che mi permettano di verificare che siate i titolari dell'indirizzo e-mail fornito e che accettiate di ricevere la newsletter. Non verranno raccolti altri dati. Utilizzo questi dati esclusivamente per l'invio delle informazioni richieste e non li trasmetto a terzi. Potete revocare in qualsiasi momento il vostro consenso alla memorizzazione dei dati, all'indirizzo e-mail e al suo utilizzo per l'invio della newsletter, ad esempio tramite il link \u201cunsubscribe\u201d presente nella newsletter.<\/p>\n<p><strong>Google Analytics<\/strong><\/p>\n<p>Questo sito web utilizza le funzioni del servizio di analisi web Google Analytics. Il fornitore \u00e8 Google Inc, 1600 Amphitheatre Parkway Mountain View, CA 94043, USA.<\/p>\n<p>Google Analytics utilizza i cosiddetti \u201ccookie\u201d. Si tratta di file di testo che vengono memorizzati sul vostro computer e che consentono di analizzare il vostro utilizzo del sito web. Le informazioni generate dal cookie sull'utilizzo del sito web da parte dell'utente vengono solitamente trasmesse a un server di Google negli Stati Uniti e l\u00ec memorizzate.<\/p>\n<p><strong>Browser Plugin<\/strong><\/p>\n<p>Potete rifiutarvi di usare i cookie selezionando l'impostazione appropriata sul vostro browser; tuttavia, tenete presente che in tal caso potreste non essere in grado di utilizzare tutte le funzionalit\u00e0 di questo sito web. Potete inoltre impedire a Google di raccogliere i dati generati dal cookie e relativi al vostro utilizzo del sito web (compreso il vostro indirizzo IP) e di elaborarli da parte di Google scaricando e installando il plug-in del browser disponibile al seguente link <a href=\"https:\/\/tools.google.com\/dlpage\/gaoptout?hl=it\">https:\/\/tools.google.com\/dlpage\/gaoptout?hl=it<\/a><\/p>\n<p><strong>Obiezione alla raccolta dei dati<\/strong><\/p>\n<p>Potete impedire la raccolta dei vostri dati da parte di Google Analytics cliccando sul seguente link. Verr\u00e0 impostato un cookie di opt-out per impedire la raccolta dei vostri dati nelle visite future a questo sito web: Disattivazione di Google Analytics<\/p>\n<p>Per ulteriori informazioni sul trattamento dei dati degli utenti da parte di Google Analytics, consultare l'informativa sulla privacy di Google: https:\/\/support.google.com\/analytics\/answer\/6004245?hl=it&amp;sjid=14339467172248280778-EU<\/p>\n<p><strong>Crittografia SSL<\/strong><\/p>\n<p>Questo sito utilizza la crittografia SSL per motivi di sicurezza e per proteggere la trasmissione di contenuti riservati, come le richieste di informazioni che ci inviate in qualit\u00e0 di gestore del sito. Una connessione criptata si riconosce dal fatto che la riga dell'indirizzo del browser passa da \u201chttp:\/\/\u201d a \u201chttps:\/\/\u201d e dal simbolo del lucchetto nella riga del browser. Se la crittografia SSL \u00e8 attivata, i dati che ci inviate non possono essere letti da terzi.<\/p>\n<p><strong>Diritto di informazione, cancellazione, blocco<\/strong><\/p>\n<p>Avete il diritto di ricevere gratuitamente informazioni sui vostri dati personali memorizzati, sulla loro origine e sui loro destinatari e sullo scopo del trattamento dei dati, nonch\u00e9 il diritto di correggere, bloccare o cancellare tali dati in qualsiasi momento. Potete contattarmi in qualsiasi momento all'indirizzo indicato nella nota legale se avete ulteriori domande sul tema dei dati personali.<\/p>\n<p><strong>Obiezione alle e-mail pubblicitarie<\/strong><\/p>\n<p>Con la presente mi oppongo all'utilizzo dei dati di contatto pubblicati nelle note legali per l'invio di materiale pubblicitario e informativo non richiesto. In qualit\u00e0 di gestore di questo sito web, mi riservo espressamente il diritto di intraprendere azioni legali in caso di invio non richiesto di informazioni pubblicitarie, come ad esempio le e-mail di spam.<\/p>\n<p>Fonte: eRecht24<\/p>\n<\/div><\/section><br \/>\n<section  class='av_textblock_section av-3hrrh-b1d59ba8d32b56f428695c51ea267e5f'   itemscope=\"itemscope\" itemtype=\"https:\/\/schema.org\/CreativeWork\" ><div class='avia_textblock'  itemprop=\"text\" ><p>Copyright (c) Frauke Seidenberg, F\u00fcrth \/ Tutti i diritti sono riservati.<\/p>\n<\/div><\/section><\/p><\/div>","protected":false},"excerpt":{"rendered":"","protected":false},"author":2,"featured_media":0,"parent":0,"menu_order":0,"comment_status":"open","ping_status":"open","template":"","meta":{"footnotes":""},"class_list":["post-1693","page","type-page","status-publish","hentry"],"yoast_head":"<!-- This site is optimized with the Yoast SEO plugin v27.0 - https:\/\/yoast.com\/product\/yoast-seo-wordpress\/ -->\n<title>Frauke Seidenberg - Impressum<\/title>\n<meta name=\"description\" content=\"Frauke Seidenberg - Heilpraktikerin f\u00fcr Psychotherapie in F\u00fcrth. Psychotherapie, Coaching, Massage &amp; K\u00f6rperarbeit.\" \/>\n<meta name=\"robots\" content=\"index, follow, max-snippet:-1, max-image-preview:large, max-video-preview:-1\" \/>\n<link rel=\"canonical\" href=\"https:\/\/www.fraukeseidenberg.de\/it\/datenschutz\/\" \/>\n<meta property=\"og:locale\" content=\"it_IT\" \/>\n<meta property=\"og:type\" content=\"article\" \/>\n<meta property=\"og:title\" content=\"Frauke Seidenberg - Impressum\" \/>\n<meta property=\"og:description\" content=\"Frauke Seidenberg - Heilpraktikerin f\u00fcr Psychotherapie in F\u00fcrth. Psychotherapie, Coaching, Massage &amp; K\u00f6rperarbeit.\" \/>\n<meta property=\"og:url\" content=\"https:\/\/www.fraukeseidenberg.de\/it\/datenschutz\/\" \/>\n<meta property=\"og:site_name\" content=\"Frauke Seidenberg\" \/>\n<meta name=\"twitter:card\" content=\"summary_large_image\" \/>\n<meta name=\"twitter:label1\" content=\"Tempo di lettura stimato\" \/>\n\t<meta name=\"twitter:data1\" content=\"5 minuti\" \/>\n<script type=\"application\/ld+json\" class=\"yoast-schema-graph\">{\"@context\":\"https:\/\/schema.org\",\"@graph\":[{\"@type\":\"WebPage\",\"@id\":\"https:\/\/www.fraukeseidenberg.de\/datenschutz\/\",\"url\":\"https:\/\/www.fraukeseidenberg.de\/datenschutz\/\",\"name\":\"Frauke Seidenberg - Impressum\",\"isPartOf\":{\"@id\":\"https:\/\/www.fraukeseidenberg.de\/#website\"},\"datePublished\":\"2025-01-25T13:19:59+00:00\",\"description\":\"Frauke Seidenberg - Heilpraktikerin f\u00fcr Psychotherapie in F\u00fcrth. Psychotherapie, Coaching, Massage & K\u00f6rperarbeit.\",\"breadcrumb\":{\"@id\":\"https:\/\/www.fraukeseidenberg.de\/datenschutz\/#breadcrumb\"},\"inLanguage\":\"it-IT\",\"potentialAction\":[{\"@type\":\"ReadAction\",\"target\":[\"https:\/\/www.fraukeseidenberg.de\/datenschutz\/\"]}]},{\"@type\":\"BreadcrumbList\",\"@id\":\"https:\/\/www.fraukeseidenberg.de\/datenschutz\/#breadcrumb\",\"itemListElement\":[{\"@type\":\"ListItem\",\"position\":1,\"name\":\"Home\",\"item\":\"https:\/\/www.fraukeseidenberg.de\/\"},{\"@type\":\"ListItem\",\"position\":2,\"name\":\"Datenschutz\"}]},{\"@type\":\"WebSite\",\"@id\":\"https:\/\/www.fraukeseidenberg.de\/#website\",\"url\":\"https:\/\/www.fraukeseidenberg.de\/\",\"name\":\"Frauke Seidenberg\",\"description\":\"Praxis f\u00fcr Psychotherapie, Coaching und K\u00f6rperarbeit\",\"publisher\":{\"@id\":\"https:\/\/www.fraukeseidenberg.de\/#\/schema\/person\/a0328239dceff603a45e6760bcec5718\"},\"potentialAction\":[{\"@type\":\"SearchAction\",\"target\":{\"@type\":\"EntryPoint\",\"urlTemplate\":\"https:\/\/www.fraukeseidenberg.de\/?s={search_term_string}\"},\"query-input\":{\"@type\":\"PropertyValueSpecification\",\"valueRequired\":true,\"valueName\":\"search_term_string\"}}],\"inLanguage\":\"it-IT\"},{\"@type\":[\"Person\",\"Organization\"],\"@id\":\"https:\/\/www.fraukeseidenberg.de\/#\/schema\/person\/a0328239dceff603a45e6760bcec5718\",\"name\":\"Frauke108\",\"image\":{\"@type\":\"ImageObject\",\"inLanguage\":\"it-IT\",\"@id\":\"https:\/\/www.fraukeseidenberg.de\/#\/schema\/person\/image\/\",\"url\":\"https:\/\/secure.gravatar.com\/avatar\/a75c965aed76bc94dcfd824734258f0c8aca75560b442e329af2ad6fccb51843?s=96&d=mm&r=g\",\"contentUrl\":\"https:\/\/secure.gravatar.com\/avatar\/a75c965aed76bc94dcfd824734258f0c8aca75560b442e329af2ad6fccb51843?s=96&d=mm&r=g\",\"caption\":\"Frauke108\"},\"logo\":{\"@id\":\"https:\/\/www.fraukeseidenberg.de\/#\/schema\/person\/image\/\"}}]}<\/script>\n<!-- \/ Yoast SEO plugin. -->","yoast_head_json":{"title":"Frauke Seidenberg - Impressum","description":"Frauke Seidenberg - Heilpraktikerin f\u00fcr Psychotherapie in F\u00fcrth. Psychotherapie, Coaching, Massage & K\u00f6rperarbeit.","robots":{"index":"index","follow":"follow","max-snippet":"max-snippet:-1","max-image-preview":"max-image-preview:large","max-video-preview":"max-video-preview:-1"},"canonical":"https:\/\/www.fraukeseidenberg.de\/it\/datenschutz\/","og_locale":"it_IT","og_type":"article","og_title":"Frauke Seidenberg - Impressum","og_description":"Frauke Seidenberg - Heilpraktikerin f\u00fcr Psychotherapie in F\u00fcrth. Psychotherapie, Coaching, Massage & K\u00f6rperarbeit.","og_url":"https:\/\/www.fraukeseidenberg.de\/it\/datenschutz\/","og_site_name":"Frauke Seidenberg","twitter_card":"summary_large_image","twitter_misc":{"Tempo di lettura stimato":"5 minuti"},"schema":{"@context":"https:\/\/schema.org","@graph":[{"@type":"WebPage","@id":"https:\/\/www.fraukeseidenberg.de\/datenschutz\/","url":"https:\/\/www.fraukeseidenberg.de\/datenschutz\/","name":"Frauke Seidenberg - Impressum","isPartOf":{"@id":"https:\/\/www.fraukeseidenberg.de\/#website"},"datePublished":"2025-01-25T13:19:59+00:00","description":"Frauke Seidenberg - Heilpraktikerin f\u00fcr Psychotherapie in F\u00fcrth. Psychotherapie, Coaching, Massage & K\u00f6rperarbeit.","breadcrumb":{"@id":"https:\/\/www.fraukeseidenberg.de\/datenschutz\/#breadcrumb"},"inLanguage":"it-IT","potentialAction":[{"@type":"ReadAction","target":["https:\/\/www.fraukeseidenberg.de\/datenschutz\/"]}]},{"@type":"BreadcrumbList","@id":"https:\/\/www.fraukeseidenberg.de\/datenschutz\/#breadcrumb","itemListElement":[{"@type":"ListItem","position":1,"name":"Home","item":"https:\/\/www.fraukeseidenberg.de\/"},{"@type":"ListItem","position":2,"name":"Datenschutz"}]},{"@type":"WebSite","@id":"https:\/\/www.fraukeseidenberg.de\/#website","url":"https:\/\/www.fraukeseidenberg.de\/","name":"Frauke Seidenberg","description":"Studio per psicoterapia, coaching e lavoro corporeo","publisher":{"@id":"https:\/\/www.fraukeseidenberg.de\/#\/schema\/person\/a0328239dceff603a45e6760bcec5718"},"potentialAction":[{"@type":"SearchAction","target":{"@type":"EntryPoint","urlTemplate":"https:\/\/www.fraukeseidenberg.de\/?s={search_term_string}"},"query-input":{"@type":"PropertyValueSpecification","valueRequired":true,"valueName":"search_term_string"}}],"inLanguage":"it-IT"},{"@type":["Person","Organization"],"@id":"https:\/\/www.fraukeseidenberg.de\/#\/schema\/person\/a0328239dceff603a45e6760bcec5718","name":"Frauke108","image":{"@type":"ImageObject","inLanguage":"it-IT","@id":"https:\/\/www.fraukeseidenberg.de\/#\/schema\/person\/image\/","url":"https:\/\/secure.gravatar.com\/avatar\/a75c965aed76bc94dcfd824734258f0c8aca75560b442e329af2ad6fccb51843?s=96&d=mm&r=g","contentUrl":"https:\/\/secure.gravatar.com\/avatar\/a75c965aed76bc94dcfd824734258f0c8aca75560b442e329af2ad6fccb51843?s=96&d=mm&r=g","caption":"Frauke108"},"logo":{"@id":"https:\/\/www.fraukeseidenberg.de\/#\/schema\/person\/image\/"}}]}},"_links":{"self":[{"href":"https:\/\/www.fraukeseidenberg.de\/it\/wp-json\/wp\/v2\/pages\/1693","targetHints":{"allow":["GET"]}}],"collection":[{"href":"https:\/\/www.fraukeseidenberg.de\/it\/wp-json\/wp\/v2\/pages"}],"about":[{"href":"https:\/\/www.fraukeseidenberg.de\/it\/wp-json\/wp\/v2\/types\/page"}],"author":[{"embeddable":true,"href":"https:\/\/www.fraukeseidenberg.de\/it\/wp-json\/wp\/v2\/users\/2"}],"replies":[{"embeddable":true,"href":"https:\/\/www.fraukeseidenberg.de\/it\/wp-json\/wp\/v2\/comments?post=1693"}],"version-history":[{"count":4,"href":"https:\/\/www.fraukeseidenberg.de\/it\/wp-json\/wp\/v2\/pages\/1693\/revisions"}],"predecessor-version":[{"id":1775,"href":"https:\/\/www.fraukeseidenberg.de\/it\/wp-json\/wp\/v2\/pages\/1693\/revisions\/1775"}],"wp:attachment":[{"href":"https:\/\/www.fraukeseidenberg.de\/it\/wp-json\/wp\/v2\/media?parent=1693"}],"curies":[{"name":"wp","href":"https:\/\/api.w.org\/{rel}","templated":true}]}}