{"id":26,"date":"2022-10-09T15:00:41","date_gmt":"2022-10-09T13:00:41","guid":{"rendered":"http:\/\/www.fraukeseidenberg.de\/?page_id=26"},"modified":"2025-03-28T11:40:36","modified_gmt":"2025-03-28T10:40:36","slug":"ueber-mich","status":"publish","type":"page","link":"https:\/\/www.fraukeseidenberg.de\/it\/ueber-mich\/","title":{"rendered":"Chi sono"},"content":{"rendered":"<div  class='flex_column av-9v2w2-93e0f6b3a7a1e084e9bdf65b477d9e26 av_three_fourth  avia-builder-el-0  el_before_av_one_fourth  avia-builder-el-first  first flex_column_div'     ><p>\n<style type=\"text\/css\" data-created_by=\"avia_inline_auto\" id=\"style-css-av-vyhe-0ecdbed21b6c78d194eba66e705dbbe5\">\n#top .av-special-heading.av-vyhe-0ecdbed21b6c78d194eba66e705dbbe5{\npadding-bottom:0;\ncolor:#386607;\nfont-size:26px;\n}\nbody .av-special-heading.av-vyhe-0ecdbed21b6c78d194eba66e705dbbe5 .av-special-heading-tag .heading-char{\nfont-size:25px;\n}\n#top #wrap_all .av-special-heading.av-vyhe-0ecdbed21b6c78d194eba66e705dbbe5 .av-special-heading-tag{\nfont-size:26px;\n}\n.av-special-heading.av-vyhe-0ecdbed21b6c78d194eba66e705dbbe5 .special-heading-inner-border{\nborder-color:#386607;\n}\n.av-special-heading.av-vyhe-0ecdbed21b6c78d194eba66e705dbbe5 .av-subheading{\nfont-size:15px;\n}\n\n@media only screen and (min-width: 480px) and (max-width: 767px){ \n#top #wrap_all .av-special-heading.av-vyhe-0ecdbed21b6c78d194eba66e705dbbe5 .av-special-heading-tag{\nfont-size:0.8em;\n}\n}\n\n@media only screen and (max-width: 479px){ \n#top #wrap_all .av-special-heading.av-vyhe-0ecdbed21b6c78d194eba66e705dbbe5 .av-special-heading-tag{\nfont-size:0.8em;\n}\n}\n<\/style>\n<div  class='av-special-heading av-vyhe-0ecdbed21b6c78d194eba66e705dbbe5 av-special-heading-h3 custom-color-heading blockquote modern-quote  avia-builder-el-1  el_before_av_textblock  avia-builder-el-first  av-inherit-size'><h3 class='av-special-heading-tag'  itemprop=\"headline\"  >Chi sono<\/h3><div class='av_custom_color av-subheading av-subheading_below'><p>Alcune cose che potrebbero interessarti<\/p>\n<\/div><div class=\"special-heading-border\"><div class=\"special-heading-inner-border\"><\/div><\/div><\/div><br \/>\n\n<style type=\"text\/css\" data-created_by=\"avia_inline_auto\" id=\"style-css-av-8esbu-8b7c22f5a4df50adf5c51cea096d50d9\">\n#top .av_textblock_section.av-8esbu-8b7c22f5a4df50adf5c51cea096d50d9 .avia_textblock{\nfont-size:15px;\n}\n<\/style>\n<section  class='av_textblock_section av-8esbu-8b7c22f5a4df50adf5c51cea096d50d9'   itemscope=\"itemscope\" itemtype=\"https:\/\/schema.org\/CreativeWork\" ><div class='avia_textblock'  itemprop=\"text\" ><p>Frauke Seidenberg \u2013 Heilpraktikerin f\u00fcr Psychotherapie, Traumatherapeutin und Systemischer Coach. In erster Linie Mensch und neugierig auf andere Menschen und intensive Begegnungen, interessiert an Kommunikation &amp; Miteinander, forschend an den Besonderheiten und der Vielfalt der menschlichen Seele.<\/p>\n<p class=\"translation-block\">Affascinata dall'Italia, dalla lingua, dalla cultura e dalla gente, viaggio molto in Italia, ho imparato la lingua e ho trovato molti amici l\u00ec. Gli appuntamenti nel mio studio possono svogliersi anche in italiano.<\/p>\n<p>Sono nata nel 1969 e cresciuta nel nord della Germania, dove ho svolto una formazione commerciale classica in una grande azienda tedesca, dopodich\u00e9 ho lavorato in varie aziende come impiegata commerciale in diverse posizioni.<\/p>\n<p class=\"translation-block\">Allo stesso tempo, sono sempre stata attratta dai temi della psicoterapia, della psicologia e della massaggio-terapia e ho frequentato diversi corsi di formazione e workshop su questi argomenti. Per aggiungere una base professionale stabile a questi interessi, nel 2015 ho iniziato la formazione come Heilpraktikerin f\u00fcr Psychotherapie (terapeuta non medico per la psicoterapia), che ho completato con ottimi risultati.\nIn seguito, ho partecipato a una formazione specialistica in EMDR e Brainspotting per la terapia dei traumi, che ha ulteriormente ampliato le mie opzioni terapeutiche.<\/p>\n<p>Dal 2015 gestisco il mio studio di psicoterapia, coaching e lavoro corporeo a F\u00fcrth. Accompagno i miei pazienti nel percorso di risoluzione dei loro problemi personali, di rilassamento olistico del corpo e dell'anima e, in particolare, di (ri)sviluppo della loro voglia di vivere.<\/p>\n<\/div><\/section><br \/>\n\n<style type=\"text\/css\" data-created_by=\"avia_inline_auto\" id=\"style-css-av-7yp0a-8aac120f154723a65584afdcced89e5d\">\n#top .av_textblock_section.av-7yp0a-8aac120f154723a65584afdcced89e5d .avia_textblock{\nfont-size:15px;\n}\n<\/style>\n<section  class='av_textblock_section av-7yp0a-8aac120f154723a65584afdcced89e5d'   itemscope=\"itemscope\" itemtype=\"https:\/\/schema.org\/CreativeWork\" ><div class='avia_textblock'  itemprop=\"text\" ><hr \/>\n<p>Formazione ed esperienza:<\/p>\n<ul>\n<li>Heilpraktikerin f\u00fcr Psychotherapie (HeilprG) (terapeuta non medico per la psicoterapia)<\/li>\n<li>Terapeuta del Brainspotting dal 2022, formazione autorizzata da Brainspotting Germania, Monaco<\/li>\n<li>Terapeuta del EMDR dal 2019, formazione da EMDR-Ausbildungszentrum M\u00fcnchen<\/li>\n<li>Consulente psicologico e Coach sistemico, Costellazioni familiari dal 2011<\/li>\n<li>Plusdotazione intellettiva e neurodivergenze nei bambini e negli adulti<\/li>\n<li>Alta sensibilit\u00e0 e trauma<\/li>\n<\/ul>\n<p>Ulteriori formazioni professionali:<\/p>\n<ul>\n<li>Accademia Polyvagal - \u201cTrauma, attaccamento e resilienza\u201d Conferenza online, Summit 2025<\/li>\n<li>\"Apprendimento emotivo - corpo e anima in dialogo\u201c Dr. Gerhard Zimmermann, 2024<\/li>\n<li>\u00a0\"Memoria corporea - Come le esperienze fisiche influenzano i nostri pensieri e le nostre azioni?\u201d Prof. Dr. Esther K\u00fchn, 2024<\/li>\n<li>\u201eRespirazione olotropica\u201c, Lipsia, 2024<\/li>\n<li>\"Respirazione olotropica\u201d, Norimberga, 2023<\/li>\n<li>Seminario sulla salute delle donne con Heide Fischer, medico specializzato in naturopatia e psicosomatica, 2019<\/li>\n<li>\"The Journey Intensive\u201c seminario con Brandon Bays, 2017<\/li>\n<li>&#8222;Scho\u00dfraum-Prozess-Begleitung&#8220; Tatjana Bach, 2017<\/li>\n<\/ul>\n<p>Altri temi su cui ho lavorato intensamente e che ispirano il mio lavoro sono:<\/p>\n<ul>\n<li>Somatic Experiencing \/ elaborazione del trauma di Peter A. Levine<\/li>\n<li>Dal 1992 vari corsi di formazione molta esperienza pratica in diverse tecniche di massaggio, agopressione, riflessologia plantare e manuale<\/li>\n<li>Esplorazione individuale intensiva attraverso varie tecniche di meditazione e forme di terapia<\/li>\n<\/ul>\n<p>Offro tutto questo e molto altro. Vieni a scoprire le mie soluzioni nel mio studio.<\/p>\n<\/div><\/section><\/p><\/div>\n<div  class='flex_column av-6oene-b88218064ebefdf1e78b8d03913c9f1b av_one_fourth  avia-builder-el-4  el_after_av_three_fourth  avia-builder-el-last  flex_column_div'     ><p>\n<style type=\"text\/css\" data-created_by=\"avia_inline_auto\" id=\"style-css-av-6amcq-c1c8df847cae0a0cc31f041ff3c82b36\">\n.avia-image-container.av-6amcq-c1c8df847cae0a0cc31f041ff3c82b36 img.avia_image{\nbox-shadow:none;\n}\n.avia-image-container.av-6amcq-c1c8df847cae0a0cc31f041ff3c82b36 .av-image-caption-overlay-center{\ncolor:#ffffff;\n}\n<\/style>\n<div  class='avia-image-container av-6amcq-c1c8df847cae0a0cc31f041ff3c82b36 av-styling- av-hover-grow avia-align-left  avia-builder-el-5  el_before_av_hr  avia-builder-el-first'   itemprop=\"image\" itemscope=\"itemscope\" itemtype=\"https:\/\/schema.org\/ImageObject\" ><div class=\"avia-image-container-inner\"><div class=\"avia-image-overlay-wrap\"><img decoding=\"async\" fetchpriority=\"high\" class='wp-image-1498 avia-img-lazy-loading-not-1498 avia_image' src=\"https:\/\/www.fraukeseidenberg.de\/wp-content\/uploads\/2022\/10\/55-Frauke-Kontakt.jpg\" alt='Frauke Seidenberg' title='55-Frauke-Kontakt'  height=\"750\" width=\"500\"  itemprop=\"thumbnailUrl\" srcset=\"https:\/\/www.fraukeseidenberg.de\/wp-content\/uploads\/2022\/10\/55-Frauke-Kontakt.jpg 500w, https:\/\/www.fraukeseidenberg.de\/wp-content\/uploads\/2022\/10\/55-Frauke-Kontakt-200x300.jpg 200w, https:\/\/www.fraukeseidenberg.de\/wp-content\/uploads\/2022\/10\/55-Frauke-Kontakt-470x705.jpg 470w\" sizes=\"(max-width: 500px) 100vw, 500px\" \/><\/div><\/div><\/div><br \/>\n\n<style type=\"text\/css\" data-created_by=\"avia_inline_auto\" id=\"style-css-av-jwoq-c1da4333ab3ec2685bf6ec6c0197dfe6\">\n#top .hr.av-jwoq-c1da4333ab3ec2685bf6ec6c0197dfe6{\nmargin-top:3px;\nmargin-bottom:3px;\n}\n.hr.av-jwoq-c1da4333ab3ec2685bf6ec6c0197dfe6 .hr-inner{\nwidth:100%;\n}\n<\/style>\n<div  class='hr av-jwoq-c1da4333ab3ec2685bf6ec6c0197dfe6 hr-custom  avia-builder-el-6  el_after_av_image  el_before_av_textblock  hr-center hr-icon-no'><span class='hr-inner inner-border-av-border-none'><span class=\"hr-inner-style\"><\/span><\/span><\/div><br \/>\n\n<style type=\"text\/css\" data-created_by=\"avia_inline_auto\" id=\"style-css-av-4w9uq-e2bd868cbd61d845f6fc756db77f90c4\">\n#top .av_textblock_section.av-4w9uq-e2bd868cbd61d845f6fc756db77f90c4 .avia_textblock{\nfont-size:13px;\ncolor:#386607;\n}\n<\/style>\n<section  class='av_textblock_section av-4w9uq-e2bd868cbd61d845f6fc756db77f90c4'   itemscope=\"itemscope\" itemtype=\"https:\/\/schema.org\/CreativeWork\" ><div class='avia_textblock av_inherit_color'  itemprop=\"text\" ><p><strong>Frauke Seidenberg\u00a0 Heilpraktikerin f\u00fcr Psychotherapie<\/strong><br \/>\nStudio per psicoterapia, coaching e lavoro corporeo<\/p>\n<p>Hiltmannsdorfer Str. 58<br \/>\n90768 F\u00fcrth-Burgfarrnbach<\/p>\n<p>Tel. +49 160 96220081<br \/>\nkontakt@fraukeseidenberg.de<\/p>\n<\/div><\/section><br \/>\n\n<style type=\"text\/css\" data-created_by=\"avia_inline_auto\" id=\"style-css-av-4id06-1b07efafa94cbc11e77d3828ba15fbb9\">\n#top .hr.av-4id06-1b07efafa94cbc11e77d3828ba15fbb9{\nmargin-top:3px;\nmargin-bottom:3px;\n}\n.hr.av-4id06-1b07efafa94cbc11e77d3828ba15fbb9 .hr-inner{\nwidth:100%;\n}\n<\/style>\n<div  class='hr av-4id06-1b07efafa94cbc11e77d3828ba15fbb9 hr-custom  avia-builder-el-8  el_after_av_textblock  el_before_av_contact  hr-center hr-icon-no'><span class='hr-inner inner-border-av-border-thin'><span class=\"hr-inner-style\"><\/span><\/span><\/div><br \/>\n<form action=\"https:\/\/www.fraukeseidenberg.de\/it\/ueber-mich\/\" method=\"post\" data-fields-with-error=\"Sono stati riscontrati errori nei seguenti campi:\" class=\"avia_ajax_form av-form-labels-visible   avia-builder-el-9  el_after_av_hr  avia-builder-el-last\" data-avia-form-id=\"1\" data-avia-redirect='' data-trp-original-action=\"https:\/\/www.fraukeseidenberg.de\/it\/ueber-mich\/\" ><h3 class=''>Contattami:<\/h3><fieldset><p class='first_form  form_element form_fullwidth' id='element_avia_1_1'><label for=\"avia_1_1\">Name <abbr class=\"required\" title=\"richiesto\">*<\/abbr><\/label> <input name=\"avia_1_1\" class=\"text_input is_empty\" type=\"text\" id=\"avia_1_1\" value=\"\" \/><\/p><p class='first_form  form_element form_fullwidth' id='element_avia_2_1'><label for=\"avia_2_1\">E-Mail <abbr class=\"required\" title=\"richiesto\">*<\/abbr><\/label> <input name=\"avia_2_1\" class=\"text_input is_email\" type=\"text\" id=\"avia_2_1\" value=\"\" \/><\/p><p class='first_form  form_element form_fullwidth' id='element_avia_3_1'><label for=\"avia_3_1\" class=\"textare_label hidden textare_label_avia_3_1\">Nachricht <abbr class=\"required\" title=\"richiesto\">*<\/abbr><\/label><textarea  name=\"avia_3_1\" class=\"text_area is_empty\" cols=\"40\" rows=\"7\" id=\"avia_3_1\" ><\/textarea><\/p><p class=\"hidden\"><input type=\"text\" name=\"avia_4_1\" class=\"hidden\" id=\"avia_4_1\" value=\"\" \/><\/p><p class='form_element form_fullwidth' id='element_avia_5_1'><span class='value_verifier_label'>0 + 6 = ?<\/span><input name=\"avia_5_1_verifier\" type=\"hidden\" id=\"avia_5_1_verifier\" value=\"166657481\"\/><label for=\"avia_5_1\">Dimostra di essere umano risolvendo l'equazione <abbr class=\"required\" title=\"richiesto\">*<\/abbr><\/label><input name=\"avia_5_1\" class=\"text_input captcha\" type=\"text\" id=\"avia_5_1\" value=\"\"\/><\/p><p class=\"form_element\"><input type=\"hidden\" value=\"1\" name=\"avia_generated_form1\" \/><input type=\"submit\" value=\"Nachricht absenden!\" class=\"button\"  data-sending-label=\"Invio\"\/><\/p><\/fieldset><input type=\"hidden\" name=\"trp-form-language\" value=\"it\"\/><\/form><div id=\"ajaxresponse_1\" class=\"ajaxresponse ajaxresponse_1 hidden\"><\/div><\/p><\/div>","protected":false},"excerpt":{"rendered":"","protected":false},"author":2,"featured_media":0,"parent":0,"menu_order":0,"comment_status":"open","ping_status":"open","template":"","meta":{"footnotes":""},"class_list":["post-26","page","type-page","status-publish","hentry"],"yoast_head":"<!-- This site is optimized with the Yoast SEO plugin v27.0 - https:\/\/yoast.com\/product\/yoast-seo-wordpress\/ -->\n<title>Frauke Seidenberg \u2013 \u00fcber mich<\/title>\n<meta name=\"description\" content=\"Frauke Seidenberg \u2013 Heilpraktikerin f\u00fcr Psychotherapie, Traumatherapie, Brainspotting &amp; EMDR, Coaching und K\u00f6rperarbeit in F\u00fcrth.\" \/>\n<meta name=\"robots\" content=\"index, follow, max-snippet:-1, max-image-preview:large, max-video-preview:-1\" \/>\n<link rel=\"canonical\" href=\"https:\/\/www.fraukeseidenberg.de\/it\/ueber-mich\/\" \/>\n<meta property=\"og:locale\" content=\"it_IT\" \/>\n<meta property=\"og:type\" content=\"article\" \/>\n<meta property=\"og:title\" content=\"Frauke Seidenberg \u2013 \u00fcber mich\" \/>\n<meta property=\"og:description\" content=\"Frauke Seidenberg \u2013 Heilpraktikerin f\u00fcr Psychotherapie, Traumatherapie, Brainspotting &amp; EMDR, Coaching und K\u00f6rperarbeit in F\u00fcrth.\" \/>\n<meta property=\"og:url\" content=\"https:\/\/www.fraukeseidenberg.de\/it\/ueber-mich\/\" \/>\n<meta property=\"og:site_name\" content=\"Frauke Seidenberg\" \/>\n<meta property=\"article:modified_time\" content=\"2025-03-28T10:40:36+00:00\" \/>\n<meta name=\"twitter:card\" content=\"summary_large_image\" \/>\n<meta name=\"twitter:label1\" content=\"Tempo di lettura stimato\" \/>\n\t<meta name=\"twitter:data1\" content=\"3 minuti\" \/>\n<script type=\"application\/ld+json\" class=\"yoast-schema-graph\">{\"@context\":\"https:\/\/schema.org\",\"@graph\":[{\"@type\":\"WebPage\",\"@id\":\"https:\/\/www.fraukeseidenberg.de\/ueber-mich\/\",\"url\":\"https:\/\/www.fraukeseidenberg.de\/ueber-mich\/\",\"name\":\"Frauke Seidenberg \u2013 \u00fcber mich\",\"isPartOf\":{\"@id\":\"https:\/\/www.fraukeseidenberg.de\/#website\"},\"datePublished\":\"2022-10-09T13:00:41+00:00\",\"dateModified\":\"2025-03-28T10:40:36+00:00\",\"description\":\"Frauke Seidenberg \u2013 Heilpraktikerin f\u00fcr Psychotherapie, Traumatherapie, Brainspotting & EMDR, Coaching und K\u00f6rperarbeit in F\u00fcrth.\",\"breadcrumb\":{\"@id\":\"https:\/\/www.fraukeseidenberg.de\/ueber-mich\/#breadcrumb\"},\"inLanguage\":\"it-IT\",\"potentialAction\":[{\"@type\":\"ReadAction\",\"target\":[\"https:\/\/www.fraukeseidenberg.de\/ueber-mich\/\"]}]},{\"@type\":\"BreadcrumbList\",\"@id\":\"https:\/\/www.fraukeseidenberg.de\/ueber-mich\/#breadcrumb\",\"itemListElement\":[{\"@type\":\"ListItem\",\"position\":1,\"name\":\"Home\",\"item\":\"https:\/\/www.fraukeseidenberg.de\/\"},{\"@type\":\"ListItem\",\"position\":2,\"name\":\"\u00dcber mich\"}]},{\"@type\":\"WebSite\",\"@id\":\"https:\/\/www.fraukeseidenberg.de\/#website\",\"url\":\"https:\/\/www.fraukeseidenberg.de\/\",\"name\":\"Frauke Seidenberg\",\"description\":\"Praxis f\u00fcr Psychotherapie, Coaching und K\u00f6rperarbeit\",\"publisher\":{\"@id\":\"https:\/\/www.fraukeseidenberg.de\/#\/schema\/person\/a0328239dceff603a45e6760bcec5718\"},\"potentialAction\":[{\"@type\":\"SearchAction\",\"target\":{\"@type\":\"EntryPoint\",\"urlTemplate\":\"https:\/\/www.fraukeseidenberg.de\/?s={search_term_string}\"},\"query-input\":{\"@type\":\"PropertyValueSpecification\",\"valueRequired\":true,\"valueName\":\"search_term_string\"}}],\"inLanguage\":\"it-IT\"},{\"@type\":[\"Person\",\"Organization\"],\"@id\":\"https:\/\/www.fraukeseidenberg.de\/#\/schema\/person\/a0328239dceff603a45e6760bcec5718\",\"name\":\"Frauke108\",\"image\":{\"@type\":\"ImageObject\",\"inLanguage\":\"it-IT\",\"@id\":\"https:\/\/www.fraukeseidenberg.de\/#\/schema\/person\/image\/\",\"url\":\"https:\/\/secure.gravatar.com\/avatar\/a75c965aed76bc94dcfd824734258f0c8aca75560b442e329af2ad6fccb51843?s=96&d=mm&r=g\",\"contentUrl\":\"https:\/\/secure.gravatar.com\/avatar\/a75c965aed76bc94dcfd824734258f0c8aca75560b442e329af2ad6fccb51843?s=96&d=mm&r=g\",\"caption\":\"Frauke108\"},\"logo\":{\"@id\":\"https:\/\/www.fraukeseidenberg.de\/#\/schema\/person\/image\/\"}}]}<\/script>\n<!-- \/ Yoast SEO plugin. -->","yoast_head_json":{"title":"Frauke Seidenberg \u2013 \u00fcber mich","description":"Frauke Seidenberg \u2013 Heilpraktikerin f\u00fcr Psychotherapie, Traumatherapie, Brainspotting & EMDR, Coaching und K\u00f6rperarbeit in F\u00fcrth.","robots":{"index":"index","follow":"follow","max-snippet":"max-snippet:-1","max-image-preview":"max-image-preview:large","max-video-preview":"max-video-preview:-1"},"canonical":"https:\/\/www.fraukeseidenberg.de\/it\/ueber-mich\/","og_locale":"it_IT","og_type":"article","og_title":"Frauke Seidenberg \u2013 \u00fcber mich","og_description":"Frauke Seidenberg \u2013 Heilpraktikerin f\u00fcr Psychotherapie, Traumatherapie, Brainspotting & EMDR, Coaching und K\u00f6rperarbeit in F\u00fcrth.","og_url":"https:\/\/www.fraukeseidenberg.de\/it\/ueber-mich\/","og_site_name":"Frauke Seidenberg","article_modified_time":"2025-03-28T10:40:36+00:00","twitter_card":"summary_large_image","twitter_misc":{"Tempo di lettura stimato":"3 minuti"},"schema":{"@context":"https:\/\/schema.org","@graph":[{"@type":"WebPage","@id":"https:\/\/www.fraukeseidenberg.de\/ueber-mich\/","url":"https:\/\/www.fraukeseidenberg.de\/ueber-mich\/","name":"Frauke Seidenberg \u2013 \u00fcber mich","isPartOf":{"@id":"https:\/\/www.fraukeseidenberg.de\/#website"},"datePublished":"2022-10-09T13:00:41+00:00","dateModified":"2025-03-28T10:40:36+00:00","description":"Frauke Seidenberg \u2013 Heilpraktikerin f\u00fcr Psychotherapie, Traumatherapie, Brainspotting & EMDR, Coaching und K\u00f6rperarbeit in F\u00fcrth.","breadcrumb":{"@id":"https:\/\/www.fraukeseidenberg.de\/ueber-mich\/#breadcrumb"},"inLanguage":"it-IT","potentialAction":[{"@type":"ReadAction","target":["https:\/\/www.fraukeseidenberg.de\/ueber-mich\/"]}]},{"@type":"BreadcrumbList","@id":"https:\/\/www.fraukeseidenberg.de\/ueber-mich\/#breadcrumb","itemListElement":[{"@type":"ListItem","position":1,"name":"Home","item":"https:\/\/www.fraukeseidenberg.de\/"},{"@type":"ListItem","position":2,"name":"\u00dcber mich"}]},{"@type":"WebSite","@id":"https:\/\/www.fraukeseidenberg.de\/#website","url":"https:\/\/www.fraukeseidenberg.de\/","name":"Frauke Seidenberg","description":"Studio per psicoterapia, coaching e lavoro corporeo","publisher":{"@id":"https:\/\/www.fraukeseidenberg.de\/#\/schema\/person\/a0328239dceff603a45e6760bcec5718"},"potentialAction":[{"@type":"SearchAction","target":{"@type":"EntryPoint","urlTemplate":"https:\/\/www.fraukeseidenberg.de\/?s={search_term_string}"},"query-input":{"@type":"PropertyValueSpecification","valueRequired":true,"valueName":"search_term_string"}}],"inLanguage":"it-IT"},{"@type":["Person","Organization"],"@id":"https:\/\/www.fraukeseidenberg.de\/#\/schema\/person\/a0328239dceff603a45e6760bcec5718","name":"Frauke108","image":{"@type":"ImageObject","inLanguage":"it-IT","@id":"https:\/\/www.fraukeseidenberg.de\/#\/schema\/person\/image\/","url":"https:\/\/secure.gravatar.com\/avatar\/a75c965aed76bc94dcfd824734258f0c8aca75560b442e329af2ad6fccb51843?s=96&d=mm&r=g","contentUrl":"https:\/\/secure.gravatar.com\/avatar\/a75c965aed76bc94dcfd824734258f0c8aca75560b442e329af2ad6fccb51843?s=96&d=mm&r=g","caption":"Frauke108"},"logo":{"@id":"https:\/\/www.fraukeseidenberg.de\/#\/schema\/person\/image\/"}}]}},"_links":{"self":[{"href":"https:\/\/www.fraukeseidenberg.de\/it\/wp-json\/wp\/v2\/pages\/26","targetHints":{"allow":["GET"]}}],"collection":[{"href":"https:\/\/www.fraukeseidenberg.de\/it\/wp-json\/wp\/v2\/pages"}],"about":[{"href":"https:\/\/www.fraukeseidenberg.de\/it\/wp-json\/wp\/v2\/types\/page"}],"author":[{"embeddable":true,"href":"https:\/\/www.fraukeseidenberg.de\/it\/wp-json\/wp\/v2\/users\/2"}],"replies":[{"embeddable":true,"href":"https:\/\/www.fraukeseidenberg.de\/it\/wp-json\/wp\/v2\/comments?post=26"}],"version-history":[{"count":103,"href":"https:\/\/www.fraukeseidenberg.de\/it\/wp-json\/wp\/v2\/pages\/26\/revisions"}],"predecessor-version":[{"id":1889,"href":"https:\/\/www.fraukeseidenberg.de\/it\/wp-json\/wp\/v2\/pages\/26\/revisions\/1889"}],"wp:attachment":[{"href":"https:\/\/www.fraukeseidenberg.de\/it\/wp-json\/wp\/v2\/media?parent=26"}],"curies":[{"name":"wp","href":"https:\/\/api.w.org\/{rel}","templated":true}]}}