{"id":81,"date":"2022-10-09T15:00:22","date_gmt":"2022-10-09T13:00:22","guid":{"rendered":"http:\/\/www.fraukeseidenberg.de\/?page_id=81"},"modified":"2025-03-19T16:00:06","modified_gmt":"2025-03-19T15:00:06","slug":"impressum","status":"publish","type":"page","link":"https:\/\/www.fraukeseidenberg.de\/it\/impressum\/","title":{"rendered":"Note legali"},"content":{"rendered":"<div  class='flex_column av-4ohnd-697a707e947f7a3c5cd47ab5e28ceffe av_one_full  avia-builder-el-0  avia-builder-el-no-sibling  first flex_column_div'     ><p><section  class='av_textblock_section av-3uygd-56e034c4ac765c0592b9ccbc4cbca5b5'   itemscope=\"itemscope\" itemtype=\"https:\/\/schema.org\/CreativeWork\" ><div class='avia_textblock'  itemprop=\"text\" ><p>NOTE LEGALI<\/p>\n<p>Frauke Seidenberg\u00a0 Heilpraktikerin f\u00fcr Psychotherapie<br \/>\nStudio per psicoterapia, coaching e lavoro corporeo<\/p>\n<p>Hiltmannsdorfer Str. 58<br \/>\n90768 F\u00fcrth-Burgfarrnbach<\/p>\n<p>Tel. +49 160 96220081<br \/>\nkontakt@fraukeseidenberg.de<\/p>\n<p>Codice fiscale.: 218\/273\/41352<\/p>\n<p>Titolo professionale:<br \/>\nHeilpraktikerin f\u00fcr Psychotherapie (HeilprG) (terapeuta non medico per la psicoterapia)<\/p>\n<p>L'autorizzazione a praticare la professione terapeuta non medico per la psicoterapia (Heilpraktikerin f\u00fcr Psychotherapie) in conformit\u00e0 con la legge del \u201cHeilprG\u201d \u00e8 stata concessa dalla citt\u00e0 di F\u00fcrth.<\/p>\n<p>Autorit\u00e0 di vigilanza:<br \/>\nLandratsamt F\u00fcrth Ministero della Salute<br \/>\nIm Pinderpark 4<br \/>\n90513 Zirndorf<\/p>\n<\/div><\/section><br \/>\n<section  class='av_textblock_section av-3hrrh-b1d59ba8d32b56f428695c51ea267e5f'   itemscope=\"itemscope\" itemtype=\"https:\/\/schema.org\/CreativeWork\" ><div class='avia_textblock'  itemprop=\"text\" ><p>Copyright (c) Frauke Seidenberg, F\u00fcrth \/ Tutti i diritti sono riservati.<\/p>\n<\/div><\/section><br \/>\n<div  class='hr av-2h1gp-79fbaaf862f7a311821a2e4c9ad8c14e hr-default  avia-builder-el-3  el_after_av_textblock  el_before_av_textblock'><span class='hr-inner'><span class=\"hr-inner-style\"><\/span><\/span><\/div><br \/>\n<section  class='av_textblock_section av-23wmh-341a3ff801ec46a2d7725940b24cf888'   itemscope=\"itemscope\" itemtype=\"https:\/\/schema.org\/CreativeWork\" ><div class='avia_textblock'  itemprop=\"text\" ><p>Crediti fotografici:<\/p>\n<p>AdobeStock #447558013 Psicoterapia (Gomitolo di filo, colorato)<br \/>\nAdobeStock #582620203 EMDR<br \/>\nAdobeStock #327000268 Brainspotting (Trauma)<br \/>\nAdobeStock #207750658 Costellazioni familiari (Immagine simbolo, pedine del gioco)<br \/>\nFotostudio St\u00f6hr, F\u00fcrth \u2013 Foto ritratti<\/p>\n<\/div><\/section><br \/>\n<div  class='hr av-1abch-fab2422866d0f6e918141d0edec5c834 hr-default  avia-builder-el-5  el_after_av_textblock  el_before_av_textblock'><span class='hr-inner'><span class=\"hr-inner-style\"><\/span><\/span><\/div><br \/>\n<section  class='av_textblock_section av-r9xh-ba80c046773af708bfeb0d5bb42d262f'   itemscope=\"itemscope\" itemtype=\"https:\/\/schema.org\/CreativeWork\" ><div class='avia_textblock'  itemprop=\"text\" ><p>Esclusione di responsabilit\u00e0 (Disclaimer)<\/p>\n<p>Si prega di notare che i miei trattamenti (psicoterapia, coaching e lavoro corporeo ecc.) non sostituiscono la diagnosi e il trattamento medico e\/o psichiatrico.<\/p>\n<p>Responsabilit\u00e0 per contenuti<\/p>\n<p>L'editore non si assume alcuna responsabilit\u00e0 per l'attualit\u00e0, la correttezza, la completezza o la qualit\u00e0 delle informazioni fornite. Sono fondamentalmente escluse le richieste di responsabilit\u00e0 nei confronti dell'editore o dei suoi dipendenti per danni materiali o morali causati dall'uso o dal mancato uso delle informazioni fornite o dall'uso di informazioni errate o incomplete.<br \/>\nIn qualit\u00e0 di fornitore di servizi, sono responsabile dei miei contenuti su queste pagine ai sensi del \u00a7 7 Abs. 1 TMG (legge tedesca sui media telematici) e delle leggi generali. Ai sensi dei \u00a7\u00a7 8-10 TMG, tuttavia, non sono obbligato, in qualit\u00e0 di fornitore di servizi, a monitorare le informazioni trasmesse o memorizzate da terzi o a indagare su circostanze che indicano un'attivit\u00e0 illegale. L'obbligo di rimuovere o bloccare l'uso delle informazioni in conformit\u00e0 alla legislazione generale rimane inalterato. Tuttavia, la responsabilit\u00e0 in questo senso \u00e8 possibile solo a partire dal momento in cui si viene a conoscenza di una specifica violazione. Non appena verremo a conoscenza di tali violazioni, provvederemo a rimuovere immediatamente tali contenuti.<\/p>\n<p>L'intervento di un avvocato per l'invio di una diffida, per la quale sono tenuto a pagare le spese, non corrisponde alla mia volont\u00e0 reale o presunta e costituirebbe pertanto una violazione del \u00a7 8 comma 4 UWG (\u00a7 242 BGB), a causa del perseguimento di obiettivi irrilevanti come motivo dominante per l'avvio di un procedimento, in particolare l'intenzione di ottenere costi come effettiva forza trainante, nonch\u00e9 una violazione del vostro dovere di minimizzare i danni.<\/p>\n<p>Le spese sostenute senza un preventivo contatto saranno da me integralmente respinte e potranno dar luogo a una domanda riconvenzionale per violazione delle suddette disposizioni.<\/p>\n<p>Copyright<\/p>\n<p>I contenuti e le opere create dal gestore del sito in queste pagine sono soggetti alla legge tedesca sul copyright. La duplicazione, l'elaborazione, la distribuzione e qualsiasi tipo di utilizzo al di fuori dei limiti della legge sul copyright richiedono il consenso scritto del rispettivo autore o creatore. Download e copie di questo sito sono consentiti solo per uso privato e non commerciale. Nella misura in cui i contenuti di questo sito non sono stati creati dall'operatore, vengono rispettati i diritti d'autore di terzi. In particolare, i contenuti di terzi sono contrassegnati come tali. Se tuttavia doveste venire a conoscenza di una violazione del copyright, vi prego di informarmi. Se verr\u00f2 a conoscenza di violazioni, rimuover\u00f2 immediatamente tali contenuti.<\/p>\n<\/div><\/section><\/p><\/div>","protected":false},"excerpt":{"rendered":"","protected":false},"author":2,"featured_media":0,"parent":0,"menu_order":0,"comment_status":"open","ping_status":"open","template":"","meta":{"footnotes":""},"class_list":["post-81","page","type-page","status-publish","hentry"],"yoast_head":"<!-- This site is optimized with the Yoast SEO plugin v27.0 - https:\/\/yoast.com\/product\/yoast-seo-wordpress\/ -->\n<title>Frauke Seidenberg - Impressum<\/title>\n<meta name=\"description\" content=\"Frauke Seidenberg - Heilpraktikerin f\u00fcr Psychotherapie, F\u00fcrth. Psychotherapie, Trauma-Therapie, Coaching &amp; K\u00f6rperarbeit. EMDR &amp; Brainspotting\" \/>\n<meta name=\"robots\" content=\"index, follow, max-snippet:-1, max-image-preview:large, max-video-preview:-1\" \/>\n<link rel=\"canonical\" href=\"https:\/\/www.fraukeseidenberg.de\/it\/impressum\/\" \/>\n<meta property=\"og:locale\" content=\"it_IT\" \/>\n<meta property=\"og:type\" content=\"article\" \/>\n<meta property=\"og:title\" content=\"Frauke Seidenberg - Impressum\" \/>\n<meta property=\"og:description\" content=\"Frauke Seidenberg - Heilpraktikerin f\u00fcr Psychotherapie, F\u00fcrth. Psychotherapie, Trauma-Therapie, Coaching &amp; K\u00f6rperarbeit. EMDR &amp; Brainspotting\" \/>\n<meta property=\"og:url\" content=\"https:\/\/www.fraukeseidenberg.de\/it\/impressum\/\" \/>\n<meta property=\"og:site_name\" content=\"Frauke Seidenberg\" \/>\n<meta property=\"article:modified_time\" content=\"2025-03-19T15:00:06+00:00\" \/>\n<meta name=\"twitter:card\" content=\"summary_large_image\" \/>\n<meta name=\"twitter:label1\" content=\"Tempo di lettura stimato\" \/>\n\t<meta name=\"twitter:data1\" content=\"3 minuti\" \/>\n<script type=\"application\/ld+json\" class=\"yoast-schema-graph\">{\"@context\":\"https:\/\/schema.org\",\"@graph\":[{\"@type\":\"WebPage\",\"@id\":\"https:\/\/www.fraukeseidenberg.de\/impressum\/\",\"url\":\"https:\/\/www.fraukeseidenberg.de\/impressum\/\",\"name\":\"Frauke Seidenberg - Impressum\",\"isPartOf\":{\"@id\":\"https:\/\/www.fraukeseidenberg.de\/#website\"},\"datePublished\":\"2022-10-09T13:00:22+00:00\",\"dateModified\":\"2025-03-19T15:00:06+00:00\",\"description\":\"Frauke Seidenberg - Heilpraktikerin f\u00fcr Psychotherapie, F\u00fcrth. Psychotherapie, Trauma-Therapie, Coaching & K\u00f6rperarbeit. EMDR & Brainspotting\",\"breadcrumb\":{\"@id\":\"https:\/\/www.fraukeseidenberg.de\/impressum\/#breadcrumb\"},\"inLanguage\":\"it-IT\",\"potentialAction\":[{\"@type\":\"ReadAction\",\"target\":[\"https:\/\/www.fraukeseidenberg.de\/impressum\/\"]}]},{\"@type\":\"BreadcrumbList\",\"@id\":\"https:\/\/www.fraukeseidenberg.de\/impressum\/#breadcrumb\",\"itemListElement\":[{\"@type\":\"ListItem\",\"position\":1,\"name\":\"Home\",\"item\":\"https:\/\/www.fraukeseidenberg.de\/\"},{\"@type\":\"ListItem\",\"position\":2,\"name\":\"Impressum\"}]},{\"@type\":\"WebSite\",\"@id\":\"https:\/\/www.fraukeseidenberg.de\/#website\",\"url\":\"https:\/\/www.fraukeseidenberg.de\/\",\"name\":\"Frauke Seidenberg\",\"description\":\"Praxis f\u00fcr Psychotherapie, Coaching und K\u00f6rperarbeit\",\"publisher\":{\"@id\":\"https:\/\/www.fraukeseidenberg.de\/#\/schema\/person\/a0328239dceff603a45e6760bcec5718\"},\"potentialAction\":[{\"@type\":\"SearchAction\",\"target\":{\"@type\":\"EntryPoint\",\"urlTemplate\":\"https:\/\/www.fraukeseidenberg.de\/?s={search_term_string}\"},\"query-input\":{\"@type\":\"PropertyValueSpecification\",\"valueRequired\":true,\"valueName\":\"search_term_string\"}}],\"inLanguage\":\"it-IT\"},{\"@type\":[\"Person\",\"Organization\"],\"@id\":\"https:\/\/www.fraukeseidenberg.de\/#\/schema\/person\/a0328239dceff603a45e6760bcec5718\",\"name\":\"Frauke108\",\"image\":{\"@type\":\"ImageObject\",\"inLanguage\":\"it-IT\",\"@id\":\"https:\/\/www.fraukeseidenberg.de\/#\/schema\/person\/image\/\",\"url\":\"https:\/\/secure.gravatar.com\/avatar\/a75c965aed76bc94dcfd824734258f0c8aca75560b442e329af2ad6fccb51843?s=96&d=mm&r=g\",\"contentUrl\":\"https:\/\/secure.gravatar.com\/avatar\/a75c965aed76bc94dcfd824734258f0c8aca75560b442e329af2ad6fccb51843?s=96&d=mm&r=g\",\"caption\":\"Frauke108\"},\"logo\":{\"@id\":\"https:\/\/www.fraukeseidenberg.de\/#\/schema\/person\/image\/\"}}]}<\/script>\n<!-- \/ Yoast SEO plugin. -->","yoast_head_json":{"title":"Frauke Seidenberg - Impressum","description":"Frauke Seidenberg - Heilpraktikerin f\u00fcr Psychotherapie, F\u00fcrth. Psychotherapie, Trauma-Therapie, Coaching & K\u00f6rperarbeit. EMDR & Brainspotting","robots":{"index":"index","follow":"follow","max-snippet":"max-snippet:-1","max-image-preview":"max-image-preview:large","max-video-preview":"max-video-preview:-1"},"canonical":"https:\/\/www.fraukeseidenberg.de\/it\/impressum\/","og_locale":"it_IT","og_type":"article","og_title":"Frauke Seidenberg - Impressum","og_description":"Frauke Seidenberg - Heilpraktikerin f\u00fcr Psychotherapie, F\u00fcrth. Psychotherapie, Trauma-Therapie, Coaching & K\u00f6rperarbeit. EMDR & Brainspotting","og_url":"https:\/\/www.fraukeseidenberg.de\/it\/impressum\/","og_site_name":"Frauke Seidenberg","article_modified_time":"2025-03-19T15:00:06+00:00","twitter_card":"summary_large_image","twitter_misc":{"Tempo di lettura stimato":"3 minuti"},"schema":{"@context":"https:\/\/schema.org","@graph":[{"@type":"WebPage","@id":"https:\/\/www.fraukeseidenberg.de\/impressum\/","url":"https:\/\/www.fraukeseidenberg.de\/impressum\/","name":"Frauke Seidenberg - Impressum","isPartOf":{"@id":"https:\/\/www.fraukeseidenberg.de\/#website"},"datePublished":"2022-10-09T13:00:22+00:00","dateModified":"2025-03-19T15:00:06+00:00","description":"Frauke Seidenberg - Heilpraktikerin f\u00fcr Psychotherapie, F\u00fcrth. Psychotherapie, Trauma-Therapie, Coaching & K\u00f6rperarbeit. EMDR & Brainspotting","breadcrumb":{"@id":"https:\/\/www.fraukeseidenberg.de\/impressum\/#breadcrumb"},"inLanguage":"it-IT","potentialAction":[{"@type":"ReadAction","target":["https:\/\/www.fraukeseidenberg.de\/impressum\/"]}]},{"@type":"BreadcrumbList","@id":"https:\/\/www.fraukeseidenberg.de\/impressum\/#breadcrumb","itemListElement":[{"@type":"ListItem","position":1,"name":"Home","item":"https:\/\/www.fraukeseidenberg.de\/"},{"@type":"ListItem","position":2,"name":"Impressum"}]},{"@type":"WebSite","@id":"https:\/\/www.fraukeseidenberg.de\/#website","url":"https:\/\/www.fraukeseidenberg.de\/","name":"Frauke Seidenberg","description":"Studio per psicoterapia, coaching e lavoro corporeo","publisher":{"@id":"https:\/\/www.fraukeseidenberg.de\/#\/schema\/person\/a0328239dceff603a45e6760bcec5718"},"potentialAction":[{"@type":"SearchAction","target":{"@type":"EntryPoint","urlTemplate":"https:\/\/www.fraukeseidenberg.de\/?s={search_term_string}"},"query-input":{"@type":"PropertyValueSpecification","valueRequired":true,"valueName":"search_term_string"}}],"inLanguage":"it-IT"},{"@type":["Person","Organization"],"@id":"https:\/\/www.fraukeseidenberg.de\/#\/schema\/person\/a0328239dceff603a45e6760bcec5718","name":"Frauke108","image":{"@type":"ImageObject","inLanguage":"it-IT","@id":"https:\/\/www.fraukeseidenberg.de\/#\/schema\/person\/image\/","url":"https:\/\/secure.gravatar.com\/avatar\/a75c965aed76bc94dcfd824734258f0c8aca75560b442e329af2ad6fccb51843?s=96&d=mm&r=g","contentUrl":"https:\/\/secure.gravatar.com\/avatar\/a75c965aed76bc94dcfd824734258f0c8aca75560b442e329af2ad6fccb51843?s=96&d=mm&r=g","caption":"Frauke108"},"logo":{"@id":"https:\/\/www.fraukeseidenberg.de\/#\/schema\/person\/image\/"}}]}},"_links":{"self":[{"href":"https:\/\/www.fraukeseidenberg.de\/it\/wp-json\/wp\/v2\/pages\/81","targetHints":{"allow":["GET"]}}],"collection":[{"href":"https:\/\/www.fraukeseidenberg.de\/it\/wp-json\/wp\/v2\/pages"}],"about":[{"href":"https:\/\/www.fraukeseidenberg.de\/it\/wp-json\/wp\/v2\/types\/page"}],"author":[{"embeddable":true,"href":"https:\/\/www.fraukeseidenberg.de\/it\/wp-json\/wp\/v2\/users\/2"}],"replies":[{"embeddable":true,"href":"https:\/\/www.fraukeseidenberg.de\/it\/wp-json\/wp\/v2\/comments?post=81"}],"version-history":[{"count":24,"href":"https:\/\/www.fraukeseidenberg.de\/it\/wp-json\/wp\/v2\/pages\/81\/revisions"}],"predecessor-version":[{"id":1868,"href":"https:\/\/www.fraukeseidenberg.de\/it\/wp-json\/wp\/v2\/pages\/81\/revisions\/1868"}],"wp:attachment":[{"href":"https:\/\/www.fraukeseidenberg.de\/it\/wp-json\/wp\/v2\/media?parent=81"}],"curies":[{"name":"wp","href":"https:\/\/api.w.org\/{rel}","templated":true}]}}